{"id":6497,"date":"2022-12-13T20:51:27","date_gmt":"2022-12-13T19:51:27","guid":{"rendered":"https:\/\/old.pugliaparadise.com\/?page_id=6497"},"modified":"2022-12-13T20:53:48","modified_gmt":"2022-12-13T19:53:48","slug":"mappa-del-sito","status":"publish","type":"page","link":"https:\/\/old.pugliaparadise.com\/it\/mappa-del-sito\/","title":{"rendered":"Mappa del sito"},"content":{"rendered":"<p>[vc_row][vc_column][vc_column_text]<\/p>\n<h1>Mappa del sito<\/h1>\n<p>&nbsp;<\/p>\n<h2><span style=\"color: #05c6bf;\"><strong>MEN\u00d9<\/strong><\/span><\/h2>\n<p><strong>HOME<\/strong><br \/>\nBenvenuti nel nostro sito<\/p>\n<p>&nbsp;<\/p>\n<p><strong>VILLE<\/strong><br \/>\nQuesta \u00e8 la nostra collezione di ville. Qui troverai alcune delle pi\u00f9 belle ville e trulli in affitto in Puglia, Italia<\/p>\n<p>&nbsp;<\/p>\n<p><strong>CHI SIAMO<\/strong><br \/>\nQui puoi leggere la nostra storia e la nostra missione<\/p>\n<p>&nbsp;<\/p>\n<p><strong>PERCHE&#8217; SCEGLIERCI<\/strong><br \/>\nQui puoi leggere cosa ci rende speciali.<\/p>\n<p>&nbsp;<\/p>\n<p><strong>RECENSIONI DEGLI OSPITI<\/strong><br \/>\nQui puoi leggere cosa dicono i nostri ospiti delle nostre ville e del nostro servizio. \u00c8 inoltre possibile guardare diverse recensioni video fatte dagli ospiti precedenti.<\/p>\n<p>&nbsp;<\/p>\n<p><strong>AFFITTA LA TUA VILLA<\/strong><br \/>\nSe sei un proprietario qui puoi leggere perch\u00e9 dovresti affittare la tua villa con Puglia Paradise<\/p>\n<p>&nbsp;<\/p>\n<p><strong>BLOG<\/strong><br \/>\nQuesto \u00e8 il nostro blog con molti articoli utili e stimolanti sulla Puglia<\/p>\n<p>&nbsp;<\/p>\n<p><strong>CONTATTACI<\/strong><br \/>\nVuoi metterti in contatto con noi? Qui trovi tutti i mezzi possibili che puoi utilizzare per raggiungerci.<\/p>\n<p>&nbsp;<\/p>\n<h2><span style=\"color: #05c6bf;\">INTESTAZIONE<\/span><\/h2>\n<p><strong>INSTAGRAM<\/strong><br \/>\nQuesto \u00e8 il nostro profilo Instagram. Seguici per lasciarti ispirare dalla nostra passione e conoscenza locale<\/p>\n<p>&nbsp;<\/p>\n<p><strong>FACEBOOK<\/strong><br \/>\nQuesto \u00e8 il nostro profilo Facebook<\/p>\n<p>&nbsp;<\/p>\n<h2><span style=\"color: #05c6bf;\"><strong>PI\u00c8 DI PAGINA<\/strong><\/span><\/h2>\n<p><strong>COME PRENOTARE<\/strong><br \/>\nQui puoi leggere come puoi prenotare la tua villa con Puglia Paradise<\/p>\n<p>&nbsp;<\/p>\n<p><strong>CONDIZIONI DI PRENOTAZIONE<\/strong><br \/>\nQui puoi leggere i termini e le condizioni che accetti quando prenoti una villa con Puglia Paradise<\/p>\n<p>&nbsp;<\/p>\n<p><strong>PAGAMENTO<\/strong><br \/>\nQui puoi leggere come puoi pagare<\/p>\n<p>&nbsp;<\/p>\n<p><strong>FAQ<\/strong><br \/>\nQui puoi leggere le domande pi\u00f9 frequenti e le nostre risposte<\/p>\n<p>&nbsp;<\/p>\n<p><strong>COOKIE<\/strong><br \/>\nQui puoi leggere come vengono utilizzati i cookie quando visiti il nostro sito web<\/p>\n<p>&nbsp;<\/p>\n<p><strong>PRIVACY<\/strong><br \/>\nQui puoi leggere come gestiamo i tuoi dati personali<\/p>\n<p>&nbsp;<\/p>\n<p>[\/vc_column_text]<div style=\"clear:both; width:100%; height:32px\"><\/div>[\/vc_column][\/vc_row][vc_row][vc_column width=&#8221;1\/2&#8243;][vc_btn title=&#8221;VISITA LE NOSTRE VILLE&#8221; style=&#8221;custom&#8221; custom_background=&#8221;#05c6bf&#8221; custom_text=&#8221;#ffffff&#8221; shape=&#8221;square&#8221; size=&#8221;lg&#8221; align=&#8221;center&#8221; css_animation=&#8221;appear&#8221; button_block=&#8221;true&#8221; link=&#8221;url:https%3A%2F%2Fbook.pugliaparadise.com%2Fit&#8221;][\/vc_column][vc_column width=&#8221;1\/2&#8243;][vc_btn title=&#8221;CONTATTACI&#8221; style=&#8221;custom&#8221; custom_background=&#8221;#05c6bf&#8221; custom_text=&#8221;#ffffff&#8221; shape=&#8221;square&#8221; size=&#8221;lg&#8221; align=&#8221;center&#8221; css_animation=&#8221;appear&#8221; button_block=&#8221;true&#8221; link=&#8221;url:https%3A%2F%2Fold.pugliaparadise.com%2Fit%2Fcontattaci%2F&#8221;][\/vc_column][\/vc_row]<\/p>\n","protected":false},"excerpt":{"rendered":"<p>[vc_row][vc_column][vc_column_text] Mappa del sito &nbsp; MEN\u00d9 HOME Benvenuti nel nostro sito &nbsp; VILLE Questa \u00e8 la nostra collezione di ville. Qui troverai alcune delle pi\u00f9 belle ville e trulli in affitto in Puglia, Italia &nbsp; CHI SIAMO Qui puoi leggere la nostra storia e la nostra missione &nbsp; PERCHE&#8217; SCEGLIERCI Qui puoi leggere cosa ci [&hellip;]<\/p>\n","protected":false},"author":2,"featured_media":0,"parent":0,"menu_order":0,"comment_status":"closed","ping_status":"closed","template":"","meta":[],"yoast_head":"<!-- This site is optimized with the Yoast SEO plugin v20.8 - https:\/\/yoast.com\/wordpress\/plugins\/seo\/ -->\n<title>Mappa del sito | Pugliaparadise.com<\/title>\n<meta name=\"description\" content=\"Stai cercando qualcosa di specifico sul nostro sito web? Ecco la mappa del nostro sito. Contattaci per maggiori informazioni.\" \/>\n<meta name=\"robots\" content=\"noindex, follow, max-snippet:-1, max-image-preview:large, max-video-preview:-1\" \/>\n<meta property=\"og:locale\" content=\"it_IT\" \/>\n<meta property=\"og:type\" content=\"article\" \/>\n<meta property=\"og:title\" content=\"Mappa del sito | Pugliaparadise.com\" \/>\n<meta property=\"og:description\" content=\"Stai cercando qualcosa di specifico sul nostro sito web? Ecco la mappa del nostro sito. Contattaci per maggiori informazioni.\" \/>\n<meta property=\"og:url\" content=\"https:\/\/old.pugliaparadise.com\/it\/mappa-del-sito\/\" \/>\n<meta property=\"og:site_name\" content=\"Puglia Paradise\" \/>\n<meta property=\"article:modified_time\" content=\"2022-12-13T19:53:48+00:00\" \/>\n<meta name=\"twitter:card\" content=\"summary_large_image\" \/>\n<meta name=\"twitter:label1\" content=\"Tempo di lettura stimato\" \/>\n\t<meta name=\"twitter:data1\" content=\"2 minuti\" \/>\n<script type=\"application\/ld+json\" class=\"yoast-schema-graph\">{\"@context\":\"https:\/\/schema.org\",\"@graph\":[{\"@type\":\"WebPage\",\"@id\":\"https:\/\/old.pugliaparadise.com\/it\/mappa-del-sito\/\",\"url\":\"https:\/\/old.pugliaparadise.com\/it\/mappa-del-sito\/\",\"name\":\"Mappa del sito | Pugliaparadise.com\",\"isPartOf\":{\"@id\":\"https:\/\/old.pugliaparadise.com\/it\/#website\"},\"datePublished\":\"2022-12-13T19:51:27+00:00\",\"dateModified\":\"2022-12-13T19:53:48+00:00\",\"description\":\"Stai cercando qualcosa di specifico sul nostro sito web? Ecco la mappa del nostro sito. Contattaci per maggiori informazioni.\",\"breadcrumb\":{\"@id\":\"https:\/\/old.pugliaparadise.com\/it\/mappa-del-sito\/#breadcrumb\"},\"inLanguage\":\"it-IT\",\"potentialAction\":[{\"@type\":\"ReadAction\",\"target\":[\"https:\/\/old.pugliaparadise.com\/it\/mappa-del-sito\/\"]}]},{\"@type\":\"BreadcrumbList\",\"@id\":\"https:\/\/old.pugliaparadise.com\/it\/mappa-del-sito\/#breadcrumb\",\"itemListElement\":[{\"@type\":\"ListItem\",\"position\":1,\"name\":\"Home\",\"item\":\"https:\/\/old.pugliaparadise.com\/it\/\"},{\"@type\":\"ListItem\",\"position\":2,\"name\":\"Mappa del sito\"}]},{\"@type\":\"WebSite\",\"@id\":\"https:\/\/old.pugliaparadise.com\/it\/#website\",\"url\":\"https:\/\/old.pugliaparadise.com\/it\/\",\"name\":\"Puglia Paradise\",\"description\":\"Villa life in Italy at its best\",\"publisher\":{\"@id\":\"https:\/\/old.pugliaparadise.com\/it\/#organization\"},\"potentialAction\":[{\"@type\":\"SearchAction\",\"target\":{\"@type\":\"EntryPoint\",\"urlTemplate\":\"https:\/\/old.pugliaparadise.com\/it\/?s={search_term_string}\"},\"query-input\":\"required name=search_term_string\"}],\"inLanguage\":\"it-IT\"},{\"@type\":\"Organization\",\"@id\":\"https:\/\/old.pugliaparadise.com\/it\/#organization\",\"name\":\"Puglia Paradise\",\"url\":\"https:\/\/old.pugliaparadise.com\/it\/\",\"logo\":{\"@type\":\"ImageObject\",\"inLanguage\":\"it-IT\",\"@id\":\"https:\/\/old.pugliaparadise.com\/it\/#\/schema\/logo\/image\/\",\"url\":\"https:\/\/old.pugliaparadise.com\/wp-content\/uploads\/2019\/09\/Logo-Puglia-Paradise-02.png\",\"contentUrl\":\"https:\/\/old.pugliaparadise.com\/wp-content\/uploads\/2019\/09\/Logo-Puglia-Paradise-02.png\",\"width\":1920,\"height\":311,\"caption\":\"Puglia Paradise\"},\"image\":{\"@id\":\"https:\/\/old.pugliaparadise.com\/it\/#\/schema\/logo\/image\/\"}}]}<\/script>\n<!-- \/ Yoast SEO plugin. -->","yoast_head_json":{"title":"Mappa del sito | Pugliaparadise.com","description":"Stai cercando qualcosa di specifico sul nostro sito web? Ecco la mappa del nostro sito. Contattaci per maggiori informazioni.","robots":{"index":"noindex","follow":"follow","max-snippet":"max-snippet:-1","max-image-preview":"max-image-preview:large","max-video-preview":"max-video-preview:-1"},"og_locale":"it_IT","og_type":"article","og_title":"Mappa del sito | Pugliaparadise.com","og_description":"Stai cercando qualcosa di specifico sul nostro sito web? Ecco la mappa del nostro sito. Contattaci per maggiori informazioni.","og_url":"https:\/\/old.pugliaparadise.com\/it\/mappa-del-sito\/","og_site_name":"Puglia Paradise","article_modified_time":"2022-12-13T19:53:48+00:00","twitter_card":"summary_large_image","twitter_misc":{"Tempo di lettura stimato":"2 minuti"},"schema":{"@context":"https:\/\/schema.org","@graph":[{"@type":"WebPage","@id":"https:\/\/old.pugliaparadise.com\/it\/mappa-del-sito\/","url":"https:\/\/old.pugliaparadise.com\/it\/mappa-del-sito\/","name":"Mappa del sito | Pugliaparadise.com","isPartOf":{"@id":"https:\/\/old.pugliaparadise.com\/it\/#website"},"datePublished":"2022-12-13T19:51:27+00:00","dateModified":"2022-12-13T19:53:48+00:00","description":"Stai cercando qualcosa di specifico sul nostro sito web? Ecco la mappa del nostro sito. Contattaci per maggiori informazioni.","breadcrumb":{"@id":"https:\/\/old.pugliaparadise.com\/it\/mappa-del-sito\/#breadcrumb"},"inLanguage":"it-IT","potentialAction":[{"@type":"ReadAction","target":["https:\/\/old.pugliaparadise.com\/it\/mappa-del-sito\/"]}]},{"@type":"BreadcrumbList","@id":"https:\/\/old.pugliaparadise.com\/it\/mappa-del-sito\/#breadcrumb","itemListElement":[{"@type":"ListItem","position":1,"name":"Home","item":"https:\/\/old.pugliaparadise.com\/it\/"},{"@type":"ListItem","position":2,"name":"Mappa del sito"}]},{"@type":"WebSite","@id":"https:\/\/old.pugliaparadise.com\/it\/#website","url":"https:\/\/old.pugliaparadise.com\/it\/","name":"Puglia Paradise","description":"Villa life in Italy at its best","publisher":{"@id":"https:\/\/old.pugliaparadise.com\/it\/#organization"},"potentialAction":[{"@type":"SearchAction","target":{"@type":"EntryPoint","urlTemplate":"https:\/\/old.pugliaparadise.com\/it\/?s={search_term_string}"},"query-input":"required name=search_term_string"}],"inLanguage":"it-IT"},{"@type":"Organization","@id":"https:\/\/old.pugliaparadise.com\/it\/#organization","name":"Puglia Paradise","url":"https:\/\/old.pugliaparadise.com\/it\/","logo":{"@type":"ImageObject","inLanguage":"it-IT","@id":"https:\/\/old.pugliaparadise.com\/it\/#\/schema\/logo\/image\/","url":"https:\/\/old.pugliaparadise.com\/wp-content\/uploads\/2019\/09\/Logo-Puglia-Paradise-02.png","contentUrl":"https:\/\/old.pugliaparadise.com\/wp-content\/uploads\/2019\/09\/Logo-Puglia-Paradise-02.png","width":1920,"height":311,"caption":"Puglia Paradise"},"image":{"@id":"https:\/\/old.pugliaparadise.com\/it\/#\/schema\/logo\/image\/"}}]}},"_links":{"self":[{"href":"https:\/\/old.pugliaparadise.com\/it\/wp-json\/wp\/v2\/pages\/6497"}],"collection":[{"href":"https:\/\/old.pugliaparadise.com\/it\/wp-json\/wp\/v2\/pages"}],"about":[{"href":"https:\/\/old.pugliaparadise.com\/it\/wp-json\/wp\/v2\/types\/page"}],"author":[{"embeddable":true,"href":"https:\/\/old.pugliaparadise.com\/it\/wp-json\/wp\/v2\/users\/2"}],"replies":[{"embeddable":true,"href":"https:\/\/old.pugliaparadise.com\/it\/wp-json\/wp\/v2\/comments?post=6497"}],"version-history":[{"count":2,"href":"https:\/\/old.pugliaparadise.com\/it\/wp-json\/wp\/v2\/pages\/6497\/revisions"}],"predecessor-version":[{"id":6499,"href":"https:\/\/old.pugliaparadise.com\/it\/wp-json\/wp\/v2\/pages\/6497\/revisions\/6499"}],"wp:attachment":[{"href":"https:\/\/old.pugliaparadise.com\/it\/wp-json\/wp\/v2\/media?parent=6497"}],"curies":[{"name":"wp","href":"https:\/\/api.w.org\/{rel}","templated":true}]}}