{"id":5200,"date":"2021-04-06T11:05:06","date_gmt":"2021-04-06T09:05:06","guid":{"rendered":"https:\/\/old.pugliaparadise.com\/?page_id=5200"},"modified":"2021-04-06T17:39:19","modified_gmt":"2021-04-06T15:39:19","slug":"bike-tour-a-lecce-aperitivo-su-terrazza-panoramica","status":"publish","type":"page","link":"https:\/\/old.pugliaparadise.com\/it\/esperienze-puglia\/bike-tour-a-lecce-aperitivo-su-terrazza-panoramica\/","title":{"rendered":"Bike Tour a Lecce &#038; Aperitivo su Terrazza panoramica"},"content":{"rendered":"<p>[vc_row][vc_column width=&#8221;1\/3&#8243;][vc_single_image image=&#8221;5096&#8243; img_size=&#8221;1024&#215;676&#8243;][\/vc_column][vc_column width=&#8221;1\/3&#8243;][vc_single_image image=&#8221;5098&#8243; img_size=&#8221;1024&#215;676&#8243;][\/vc_column][vc_column width=&#8221;1\/3&#8243;][vc_single_image image=&#8221;5100&#8243; img_size=&#8221;1024&#215;676&#8243;][\/vc_column][\/vc_row][vc_row][vc_column width=&#8221;1\/2&#8243;][vc_column_text]Il Bike Tour a Lecce \u00e8 un&#8217;occasione per scoprire la &#8220;Firenze del Sud&#8221;,<strong> una delle citt\u00e0 pi\u00f9 incantevoli della Puglia.<\/strong><br \/>\nL&#8217;incontro con la guida sar\u00e0 direttamente in villa. Da qui verrete accompagnati nel capoluogo salentino dove vi verranno consegnate le biciclette e partirete per un bike tour privato nel centro storico, tra <strong>splendide chiese barocche, palazzi antichi e stretti vicoli<\/strong>, racchiusi da tre antichi ingressi: Porta Rudiae, Porta San Biagio e Porta Napoli. Vi fermerete anche a visitare la <a href=\"https:\/\/goo.gl\/maps\/x2zxeRnEJv2zxhRw9\" target=\"_blank\" rel=\"noopener\"><strong>Basilica di Santa Croce<\/strong><\/a> e la meravigliosa Piazza Duomo; inoltre passerete per il Castello Carlo V, l&#8217;anfiteatro romano e Piazza Sant&#8217;Oronzo, tutti luoghi che hanno segnato la storia di questa citt\u00e0.<br \/>\nDurante il bike tour a Lecce ci sar\u00e0 anche un piccolo momento di piacere quando vi fermerete ad assaggiare il <strong><em>pasticciotto leccese<\/em><\/strong>, un dolce tipico salentino a base di pasta frolla e farcito con crema pasticcera e amarena.<br \/>\nAvrete anche del tempo libero per poter visitare luoghi particolari, per fare un po &#8216;di shopping, o semplicemente per riposarvi prima che la guida vi accompagni su una <strong>terrazza panoramica per un aperitivo con una vista mozzafiato<\/strong>. Si tratta di una torre medievale costruita nel 1419 e rappresenta una delle rare costruzioni del periodo tardo medievale della citt\u00e0, una location perfetta per concludere il bike tour a Lecce e assaggiare le prelibatezze della cucina salentina.<br \/>\nSi consiglia di portare acqua, un cappello per proteggersi dal sole e di indossare indumenti sportivi.[\/vc_column_text][\/vc_column][vc_column width=&#8221;1\/12&#8243;][\/vc_column][vc_column width=&#8221;5\/12&#8243;][vc_column_text]<\/p>\n<h2><span style=\"color: #05c6bf;\">Dettagli<\/span><\/h2>\n<p><strong>Min 2 persone &#8211; Max 14 persone<\/strong><br \/>\n<strong>Luned\u00ec &#8211; Met\u00e0 giornata<\/strong>[\/vc_column_text][vc_column_text]<strong>La tariffa include:<\/strong><\/p>\n<ul>\n<li>Mezzo di trasporto privato<\/li>\n<li>Tour guidato in bici<\/li>\n<li>Bike per ogni partecipanti<\/li>\n<li>Guida privata in lingua italiana\/inglese<\/li>\n<li>Degustazione del Pasticciotto Leccese<\/li>\n<li>Aperitivo in terrazza panoramica<\/li>\n<li>Assicurazione<\/li>\n<li>Assistenza<\/li>\n<\/ul>\n<p>[\/vc_column_text][vc_column_text]<strong>Su richiesta:<\/strong><\/p>\n<ul>\n<li>Guida in diversa lingua<\/li>\n<li>Assicurazione infortuni<\/li>\n<\/ul>\n<p>*Possibilit\u00e0 di abbinare la visita guidata alla citt\u00e0 di Otranto al mattino con pranzo in agriturismo (il tour in bici a Lecce con aperitivo si svolger\u00e0 il pomeriggio[\/vc_column_text][vc_btn title=&#8221;Contattaci&#8221; style=&#8221;custom&#8221; custom_background=&#8221;#05c6bf&#8221; custom_text=&#8221;#ffffff&#8221; shape=&#8221;square&#8221; align=&#8221;center&#8221; link=&#8221;url:mailto%3Ainfo%40pugliaparadise.com&#8221;][\/vc_column][\/vc_row][vc_row][vc_column][vc_separator color=&#8221;custom&#8221; accent_color=&#8221;#05c6bf&#8221;][vc_column_text]<\/p>\n<h2><span style=\"color: #05c6bf;\">Programma<\/span><\/h2>\n<p>[\/vc_column_text][vc_column_text]<strong>ore 09:00<\/strong> Incontro con i partecipanti in struttura. Partenza per Lecce<br \/>\n<strong>ore 10:00<\/strong> Consegna della bike ed inizio del tour privato di Lecce. Degustazione del pasticciotto leccese durante il tour<br \/>\n<strong>ore 12:00<\/strong> Aperitivo con prodotti tipici salentini in Terrazza panoramica<br \/>\n<strong>ore 13:00<\/strong> Fine dell\u2019esperienza. Rientro in struttura<br \/>\n<strong>ore 14:00<\/strong> arrivo in struttura[\/vc_column_text][vc_separator color=&#8221;custom&#8221; accent_color=&#8221;#05c6bf&#8221;][vc_column_text]<\/p>\n<h2><span style=\"color: #05c6bf;\">Tariffe<\/span><\/h2>\n<p>[\/vc_column_text][vc_column_text]<\/p>\n<table>\n<tbody>\n<tr>\n<td width=\"141\">2 persone<\/td>\n<td width=\"142\">\u20ac 310 \/ a persona<\/td>\n<\/tr>\n<tr>\n<td width=\"141\">4 persone<\/td>\n<td width=\"142\">\u20ac 215 \/ a persona<\/td>\n<\/tr>\n<tr>\n<td width=\"141\">6 persone<\/td>\n<td width=\"142\">\u20ac 190 \/ a persona<\/td>\n<\/tr>\n<tr>\n<td width=\"141\">8 persone<\/td>\n<td width=\"142\">\u20ac 185 \/ a persona<\/td>\n<\/tr>\n<tr>\n<td width=\"141\">10 persone<\/td>\n<td width=\"142\">\u20ac 180 \/ a persona<\/td>\n<\/tr>\n<tr>\n<td width=\"141\">12 persone<\/td>\n<td width=\"142\">\u20ac 170 \/ a persona<\/td>\n<\/tr>\n<tr>\n<td width=\"141\">14 persone<\/td>\n<td width=\"142\">\u20ac 165 \/ a persona<\/td>\n<\/tr>\n<\/tbody>\n<\/table>\n<p>[\/vc_column_text][vc_column_text]<strong>Bambini<\/strong><\/p>\n<ul>\n<li>Da 0 a 2 anni: gratuito, a meno che il loro numero non sia tale da dover organizzare un trasporto extra per l\u2019intero gruppo<\/li>\n<li>Da 2 a 6 anni: 20% di sconto<\/li>\n<\/ul>\n<p>Consigliato ai bambini con pi\u00f9 di 12 anni.[\/vc_column_text][vc_separator color=&#8221;custom&#8221; accent_color=&#8221;#05c6bf&#8221;][\/vc_column][\/vc_row][vc_row disable_element=&#8221;yes&#8221;][vc_column][vc_column_text]<\/p>\n<h2><span style=\"color: #05bfc6;\">Frequently Asked Questions:<\/span><\/h2>\n<p>[\/vc_column_text][\/vc_column][\/vc_row][vc_row disable_element=&#8221;yes&#8221;][vc_column][vc_toggle title=&#8221;How do I get a quote?&#8221;]To get a quote, all you have to do is send us a message, filling in the form below, providing the following information:<br \/>\n&#8211; Name and Surname (as indicated in the booking)<br \/>\n&#8211; Name of the villa booked<br \/>\n&#8211; Duration of rental<br \/>\n&#8211; Type of car for which you wish a quote (more than one car can be selected)<br \/>\n&#8211; Place of delivery and collection (they can be different)<br \/>\n&#8211; Any extra accessories (eg GPS navigator, booster seats, etc.)[\/vc_toggle][vc_toggle title=&#8221;What are the rental conditions?&#8221;]The rental conditions are in line with those of the major companies. For example, the standard contract allows just one driver (an additional fee must be paid to add other drivers) and a minimum of 21 years of age for the driver.[\/vc_toggle][vc_toggle title=&#8221;How much is the refundable damage deposit?&#8221;]We work with different selected partners, each of them has different policies. Depending on the car you choose we will indicate you the amount that will be held in your credit card as refundable damage deposit.[\/vc_toggle][vc_toggle title=&#8221;How does it work the car rental insurance in Italy?&#8221;]The standard insurance included in the rental contract covers damage to third parties but not damage to the hired car. In some cases, it is possible to upgrade to full damage protection.<br \/>\nContact us for more information.[\/vc_toggle][vc_toggle title=&#8221;Are there any extra fees to pay?&#8221;]No, the amount we will give you in the quote is the real amount that you will have to pay at the rental time.[\/vc_toggle][vc_toggle title=&#8221;Is it possible to pay the balance with a credit card?&#8221;]Yes, it is possible to pay by credit card the balance (or the full amount in case of reservation without deposit) at the car delivery time.[\/vc_toggle][vc_toggle title=&#8221;Why rent a car through Puglia Paradise?&#8221;]Booking a car through one of Puglia Paradise&#8217;s selected external partners you will enjoy the following benefits:<br \/>\n&#8211; We will take care of the booking process and will ensure the car hire is organized to the smallest detail.<br \/>\n&#8211; You will avoid the queues: in fact whether you decide to have the car delivered at the airport or at the villa or to pick it up directly from the rental office, you will not have to queue at the busy offices at the airport (which especially during the high season are very long and stressful). Furthermore, by providing us with the necessary details (driver&#8217;s license and passport of the contract holder and driver) the contract will already be pre-filled and the car hire will be even faster.<br \/>\n&#8211; In case of any need during your stay and during the rental you can rely on us.[\/vc_toggle][\/vc_column][\/vc_row][vc_row full_width=&#8221;stretch_row&#8221; css=&#8221;.vc_custom_1542318213149{margin-bottom: -20px !important;background-color: #ffffff !important;}&#8221;][vc_column width=&#8221;2\/12&#8243;][\/vc_column][vc_column width=&#8221;8\/12&#8243;]<div style=\"clear:both; width:100%; height:60px\"><\/div>[vc_separator color=&#8221;custom&#8221; border_width=&#8221;3&#8243; el_width=&#8221;10&#8243; accent_color=&#8221;#05c6bf&#8221;]\t\t<div class=\"homey-module module-title section-title-module text-center \">\r\n\t\t\t<h2 style=\"font-size: 40px; line-height: 50px;\">Contact us<\/h2>\r\n\r\n\t\t\t<p  class=\"sub-heading\"><\/p>\r\n\t\t<\/div>\r\n\t\t<div style=\"clear:both; width:100%; height:60px\"><\/div>[vc_row_inner][vc_column_inner]\n<div class=\"wpcf7 no-js\" id=\"wpcf7-f5-o1\" lang=\"en-US\" dir=\"ltr\">\n<div class=\"screen-reader-response\"><p role=\"status\" aria-live=\"polite\" aria-atomic=\"true\"><\/p> <ul><\/ul><\/div>\n<form action=\"\/it\/wp-json\/wp\/v2\/pages\/5200#wpcf7-f5-o1\" method=\"post\" class=\"wpcf7-form init\" aria-label=\"Contact form\" novalidate=\"novalidate\" data-status=\"init\">\n<div style=\"display: none;\">\n<input type=\"hidden\" name=\"_wpcf7\" value=\"5\" \/>\n<input type=\"hidden\" name=\"_wpcf7_version\" value=\"5.7.7\" \/>\n<input type=\"hidden\" name=\"_wpcf7_locale\" value=\"en_US\" \/>\n<input type=\"hidden\" name=\"_wpcf7_unit_tag\" value=\"wpcf7-f5-o1\" \/>\n<input type=\"hidden\" name=\"_wpcf7_container_post\" value=\"0\" \/>\n<input type=\"hidden\" name=\"_wpcf7_posted_data_hash\" value=\"\" \/>\n<\/div>\n<div style=\"text-align:right; font-size:10px;\">\n\t<p>*Mandatory Fields\n\t<\/p>\n<\/div>\n<p><label>Name*<br \/>\n<span class=\"wpcf7-form-control-wrap\" data-name=\"your-name\"><input size=\"40\" class=\"wpcf7-form-control wpcf7-text wpcf7-validates-as-required\" aria-required=\"true\" aria-invalid=\"false\" value=\"\" type=\"text\" name=\"your-name\" \/><\/span> <\/label>\n<\/p>\n<p><label>Surname*<br \/>\n<span class=\"wpcf7-form-control-wrap\" data-name=\"your-surname\"><input size=\"40\" class=\"wpcf7-form-control wpcf7-text wpcf7-validates-as-required\" aria-required=\"true\" aria-invalid=\"false\" value=\"\" type=\"text\" name=\"your-surname\" \/><\/span> <\/label>\n<\/p>\n<p><label>Email*<br \/>\n<span class=\"wpcf7-form-control-wrap\" data-name=\"your-email\"><input size=\"40\" class=\"wpcf7-form-control wpcf7-text wpcf7-email wpcf7-validates-as-required wpcf7-validates-as-email\" aria-required=\"true\" aria-invalid=\"false\" value=\"\" type=\"email\" name=\"your-email\" \/><\/span> <\/label>\n<\/p>\n<p><label>Phone<br \/>\n<span class=\"wpcf7-form-control-wrap\" data-name=\"tel-346\"><input size=\"40\" class=\"wpcf7-form-control wpcf7-text wpcf7-tel wpcf7-validates-as-tel\" aria-invalid=\"false\" value=\"\" type=\"tel\" name=\"tel-346\" \/><\/span><\/label>\n<\/p>\n<p><label>Subject<br \/>\n<span class=\"wpcf7-form-control-wrap\" data-name=\"your-subject\"><input size=\"40\" class=\"wpcf7-form-control wpcf7-text\" aria-invalid=\"false\" value=\"\" type=\"text\" name=\"your-subject\" \/><\/span> <\/label>\n<\/p>\n<p><label>Message*<br \/>\n<span class=\"wpcf7-form-control-wrap\" data-name=\"your-message\"><textarea cols=\"40\" rows=\"10\" class=\"wpcf7-form-control wpcf7-textarea\" aria-invalid=\"false\" name=\"your-message\"><\/textarea><\/span> <\/label>\n<\/p>\n<p><input class=\"wpcf7-form-control has-spinner wpcf7-submit\" type=\"submit\" value=\"Send\" \/>\n<\/p><div class=\"wpcf7-response-output\" aria-hidden=\"true\"><\/div>\n<\/form>\n<\/div>\n[\/vc_column_inner][\/vc_row_inner][\/vc_column][vc_column width=&#8221;2\/12&#8243;][\/vc_column][\/vc_row][vc_column_inner width=&#8221;1\/6&#8243;][\/vc_column_inner]<\/p>\n","protected":false},"excerpt":{"rendered":"<p>[vc_row][vc_column width=&#8221;1\/3&#8243;][vc_single_image image=&#8221;5096&#8243; img_size=&#8221;1024&#215;676&#8243;][\/vc_column][vc_column width=&#8221;1\/3&#8243;][vc_single_image image=&#8221;5098&#8243; img_size=&#8221;1024&#215;676&#8243;][\/vc_column][vc_column width=&#8221;1\/3&#8243;][vc_single_image image=&#8221;5100&#8243; img_size=&#8221;1024&#215;676&#8243;][\/vc_column][\/vc_row][vc_row][vc_column width=&#8221;1\/2&#8243;][vc_column_text]Il Bike Tour a Lecce \u00e8 un&#8217;occasione per scoprire la &#8220;Firenze del Sud&#8221;, una delle citt\u00e0 pi\u00f9 incantevoli della Puglia. L&#8217;incontro con la guida sar\u00e0 direttamente in villa. Da qui verrete accompagnati nel capoluogo salentino dove vi verranno consegnate le biciclette e partirete per un [&hellip;]<\/p>\n","protected":false},"author":5,"featured_media":0,"parent":4881,"menu_order":0,"comment_status":"closed","ping_status":"closed","template":"","meta":[],"yoast_head":"<!-- This site is optimized with the Yoast SEO plugin v20.8 - https:\/\/yoast.com\/wordpress\/plugins\/seo\/ -->\n<title>Bike Tour a Lecce | Puglia Paradise<\/title>\n<meta name=\"description\" content=\"Il Bike Tour a Lecce \u00e8 un&#039;occasione per scoprire la &quot;Firenze del Sud&quot;, una delle citt\u00e0 pi\u00f9 incantevoli della Puglia.\" \/>\n<meta name=\"robots\" content=\"noindex, follow, max-snippet:-1, max-image-preview:large, max-video-preview:-1\" \/>\n<meta property=\"og:locale\" content=\"it_IT\" \/>\n<meta property=\"og:type\" content=\"article\" \/>\n<meta property=\"og:title\" content=\"Bike Tour a Lecce | Puglia Paradise\" \/>\n<meta property=\"og:description\" content=\"Il Bike Tour a Lecce \u00e8 un&#039;occasione per scoprire la &quot;Firenze del Sud&quot;, una delle citt\u00e0 pi\u00f9 incantevoli della Puglia.\" \/>\n<meta property=\"og:url\" content=\"https:\/\/old.pugliaparadise.com\/it\/esperienze-puglia\/bike-tour-a-lecce-aperitivo-su-terrazza-panoramica\/\" \/>\n<meta property=\"og:site_name\" content=\"Puglia Paradise\" \/>\n<meta property=\"article:modified_time\" content=\"2021-04-06T15:39:19+00:00\" \/>\n<meta name=\"twitter:card\" content=\"summary_large_image\" \/>\n<meta name=\"twitter:label1\" content=\"Tempo di lettura stimato\" \/>\n\t<meta name=\"twitter:data1\" content=\"5 minuti\" \/>\n<script type=\"application\/ld+json\" class=\"yoast-schema-graph\">{\"@context\":\"https:\/\/schema.org\",\"@graph\":[{\"@type\":\"WebPage\",\"@id\":\"https:\/\/old.pugliaparadise.com\/it\/esperienze-puglia\/bike-tour-a-lecce-aperitivo-su-terrazza-panoramica\/\",\"url\":\"https:\/\/old.pugliaparadise.com\/it\/esperienze-puglia\/bike-tour-a-lecce-aperitivo-su-terrazza-panoramica\/\",\"name\":\"Bike Tour a Lecce | Puglia Paradise\",\"isPartOf\":{\"@id\":\"https:\/\/old.pugliaparadise.com\/it\/#website\"},\"datePublished\":\"2021-04-06T09:05:06+00:00\",\"dateModified\":\"2021-04-06T15:39:19+00:00\",\"description\":\"Il Bike Tour a Lecce \u00e8 un'occasione per scoprire la \\\"Firenze del Sud\\\", una delle citt\u00e0 pi\u00f9 incantevoli della Puglia.\",\"breadcrumb\":{\"@id\":\"https:\/\/old.pugliaparadise.com\/it\/esperienze-puglia\/bike-tour-a-lecce-aperitivo-su-terrazza-panoramica\/#breadcrumb\"},\"inLanguage\":\"it-IT\",\"potentialAction\":[{\"@type\":\"ReadAction\",\"target\":[\"https:\/\/old.pugliaparadise.com\/it\/esperienze-puglia\/bike-tour-a-lecce-aperitivo-su-terrazza-panoramica\/\"]}]},{\"@type\":\"BreadcrumbList\",\"@id\":\"https:\/\/old.pugliaparadise.com\/it\/esperienze-puglia\/bike-tour-a-lecce-aperitivo-su-terrazza-panoramica\/#breadcrumb\",\"itemListElement\":[{\"@type\":\"ListItem\",\"position\":1,\"name\":\"Home\",\"item\":\"https:\/\/old.pugliaparadise.com\/it\/\"},{\"@type\":\"ListItem\",\"position\":2,\"name\":\"Esperienze in Puglia\",\"item\":\"https:\/\/old.pugliaparadise.com\/it\/esperienze-puglia\/\"},{\"@type\":\"ListItem\",\"position\":3,\"name\":\"Bike Tour a Lecce &#038; Aperitivo su Terrazza panoramica\"}]},{\"@type\":\"WebSite\",\"@id\":\"https:\/\/old.pugliaparadise.com\/it\/#website\",\"url\":\"https:\/\/old.pugliaparadise.com\/it\/\",\"name\":\"Puglia Paradise\",\"description\":\"Villa life in Italy at its best\",\"publisher\":{\"@id\":\"https:\/\/old.pugliaparadise.com\/it\/#organization\"},\"potentialAction\":[{\"@type\":\"SearchAction\",\"target\":{\"@type\":\"EntryPoint\",\"urlTemplate\":\"https:\/\/old.pugliaparadise.com\/it\/?s={search_term_string}\"},\"query-input\":\"required name=search_term_string\"}],\"inLanguage\":\"it-IT\"},{\"@type\":\"Organization\",\"@id\":\"https:\/\/old.pugliaparadise.com\/it\/#organization\",\"name\":\"Puglia Paradise\",\"url\":\"https:\/\/old.pugliaparadise.com\/it\/\",\"logo\":{\"@type\":\"ImageObject\",\"inLanguage\":\"it-IT\",\"@id\":\"https:\/\/old.pugliaparadise.com\/it\/#\/schema\/logo\/image\/\",\"url\":\"https:\/\/old.pugliaparadise.com\/wp-content\/uploads\/2019\/09\/Logo-Puglia-Paradise-02.png\",\"contentUrl\":\"https:\/\/old.pugliaparadise.com\/wp-content\/uploads\/2019\/09\/Logo-Puglia-Paradise-02.png\",\"width\":1920,\"height\":311,\"caption\":\"Puglia Paradise\"},\"image\":{\"@id\":\"https:\/\/old.pugliaparadise.com\/it\/#\/schema\/logo\/image\/\"}}]}<\/script>\n<!-- \/ Yoast SEO plugin. -->","yoast_head_json":{"title":"Bike Tour a Lecce | Puglia Paradise","description":"Il Bike Tour a Lecce \u00e8 un'occasione per scoprire la \"Firenze del Sud\", una delle citt\u00e0 pi\u00f9 incantevoli della Puglia.","robots":{"index":"noindex","follow":"follow","max-snippet":"max-snippet:-1","max-image-preview":"max-image-preview:large","max-video-preview":"max-video-preview:-1"},"og_locale":"it_IT","og_type":"article","og_title":"Bike Tour a Lecce | Puglia Paradise","og_description":"Il Bike Tour a Lecce \u00e8 un'occasione per scoprire la \"Firenze del Sud\", una delle citt\u00e0 pi\u00f9 incantevoli della Puglia.","og_url":"https:\/\/old.pugliaparadise.com\/it\/esperienze-puglia\/bike-tour-a-lecce-aperitivo-su-terrazza-panoramica\/","og_site_name":"Puglia Paradise","article_modified_time":"2021-04-06T15:39:19+00:00","twitter_card":"summary_large_image","twitter_misc":{"Tempo di lettura stimato":"5 minuti"},"schema":{"@context":"https:\/\/schema.org","@graph":[{"@type":"WebPage","@id":"https:\/\/old.pugliaparadise.com\/it\/esperienze-puglia\/bike-tour-a-lecce-aperitivo-su-terrazza-panoramica\/","url":"https:\/\/old.pugliaparadise.com\/it\/esperienze-puglia\/bike-tour-a-lecce-aperitivo-su-terrazza-panoramica\/","name":"Bike Tour a Lecce | Puglia Paradise","isPartOf":{"@id":"https:\/\/old.pugliaparadise.com\/it\/#website"},"datePublished":"2021-04-06T09:05:06+00:00","dateModified":"2021-04-06T15:39:19+00:00","description":"Il Bike Tour a Lecce \u00e8 un'occasione per scoprire la \"Firenze del Sud\", una delle citt\u00e0 pi\u00f9 incantevoli della Puglia.","breadcrumb":{"@id":"https:\/\/old.pugliaparadise.com\/it\/esperienze-puglia\/bike-tour-a-lecce-aperitivo-su-terrazza-panoramica\/#breadcrumb"},"inLanguage":"it-IT","potentialAction":[{"@type":"ReadAction","target":["https:\/\/old.pugliaparadise.com\/it\/esperienze-puglia\/bike-tour-a-lecce-aperitivo-su-terrazza-panoramica\/"]}]},{"@type":"BreadcrumbList","@id":"https:\/\/old.pugliaparadise.com\/it\/esperienze-puglia\/bike-tour-a-lecce-aperitivo-su-terrazza-panoramica\/#breadcrumb","itemListElement":[{"@type":"ListItem","position":1,"name":"Home","item":"https:\/\/old.pugliaparadise.com\/it\/"},{"@type":"ListItem","position":2,"name":"Esperienze in Puglia","item":"https:\/\/old.pugliaparadise.com\/it\/esperienze-puglia\/"},{"@type":"ListItem","position":3,"name":"Bike Tour a Lecce &#038; Aperitivo su Terrazza panoramica"}]},{"@type":"WebSite","@id":"https:\/\/old.pugliaparadise.com\/it\/#website","url":"https:\/\/old.pugliaparadise.com\/it\/","name":"Puglia Paradise","description":"Villa life in Italy at its best","publisher":{"@id":"https:\/\/old.pugliaparadise.com\/it\/#organization"},"potentialAction":[{"@type":"SearchAction","target":{"@type":"EntryPoint","urlTemplate":"https:\/\/old.pugliaparadise.com\/it\/?s={search_term_string}"},"query-input":"required name=search_term_string"}],"inLanguage":"it-IT"},{"@type":"Organization","@id":"https:\/\/old.pugliaparadise.com\/it\/#organization","name":"Puglia Paradise","url":"https:\/\/old.pugliaparadise.com\/it\/","logo":{"@type":"ImageObject","inLanguage":"it-IT","@id":"https:\/\/old.pugliaparadise.com\/it\/#\/schema\/logo\/image\/","url":"https:\/\/old.pugliaparadise.com\/wp-content\/uploads\/2019\/09\/Logo-Puglia-Paradise-02.png","contentUrl":"https:\/\/old.pugliaparadise.com\/wp-content\/uploads\/2019\/09\/Logo-Puglia-Paradise-02.png","width":1920,"height":311,"caption":"Puglia Paradise"},"image":{"@id":"https:\/\/old.pugliaparadise.com\/it\/#\/schema\/logo\/image\/"}}]}},"_links":{"self":[{"href":"https:\/\/old.pugliaparadise.com\/it\/wp-json\/wp\/v2\/pages\/5200"}],"collection":[{"href":"https:\/\/old.pugliaparadise.com\/it\/wp-json\/wp\/v2\/pages"}],"about":[{"href":"https:\/\/old.pugliaparadise.com\/it\/wp-json\/wp\/v2\/types\/page"}],"author":[{"embeddable":true,"href":"https:\/\/old.pugliaparadise.com\/it\/wp-json\/wp\/v2\/users\/5"}],"replies":[{"embeddable":true,"href":"https:\/\/old.pugliaparadise.com\/it\/wp-json\/wp\/v2\/comments?post=5200"}],"version-history":[{"count":0,"href":"https:\/\/old.pugliaparadise.com\/it\/wp-json\/wp\/v2\/pages\/5200\/revisions"}],"up":[{"embeddable":true,"href":"https:\/\/old.pugliaparadise.com\/it\/wp-json\/wp\/v2\/pages\/4881"}],"wp:attachment":[{"href":"https:\/\/old.pugliaparadise.com\/it\/wp-json\/wp\/v2\/media?parent=5200"}],"curies":[{"name":"wp","href":"https:\/\/api.w.org\/{rel}","templated":true}]}}