{"id":3657,"date":"2020-12-18T17:26:05","date_gmt":"2020-12-18T16:26:05","guid":{"rendered":"https:\/\/old.pugliaparadise.com\/?page_id=3657"},"modified":"2021-01-07T16:29:19","modified_gmt":"2021-01-07T15:29:19","slug":"perche-scegliere-puglia-paradise-2","status":"publish","type":"page","link":"https:\/\/old.pugliaparadise.com\/it\/perche-scegliere-puglia-paradise-2\/","title":{"rendered":"Perch\u00e9 scegliere Puglia Paradise"},"content":{"rendered":"<p>[vc_row disable_element=&#8221;yes&#8221;][vc_column][vc_video link=&#8221;https:\/\/www.youtube.com\/watch?v=PyS0ToZ_aIA&#8221; css_animation=&#8221;fadeIn&#8221;][\/vc_column][\/vc_row][vc_row][vc_column][\/vc_column][\/vc_row][vc_row][vc_column][vc_column_text]<strong>La tua felicit\u00e0 \u00e8 la nostra priorit\u00e0.<\/strong><\/p>\n<p>Sappiamo quanto le vacanze siano importanti e facciamo del nostro meglio per assicurarci che tutti i nostri ospiti possano goderne appieno.<\/p>\n<p>Gestiamo e affittiamo alcune tra le migliori ville con piscina privata in Puglia: una selezione di sole 31 delle oltre 2.300 ville in Puglia. Le alternative di certo non mancano.<\/p>\n<p><strong>Ci\u00f2 che ci rende davvero speciali \u00e8 la cura che riserviamo ai nostri ospiti<\/strong>: dalla prenotazione al soggiorno percepirete sempre una grande attenzione alle vostre esigenze e alla vostra felicit\u00e0.<\/p>\n<p>Sappiamo che organizzare una vacanza con la propria famiglia o con gli amici pu\u00f2 essere impegnativo: \u00e8 importante rendere tutti felici, dai bambini agli anziani. Per questo prestiamo molta attenzione a suggerirvi la villa che davvero fa per voi.<\/p>\n<p>Non siamo solo agenti di viaggio che affittano ville. Ogni villa della nostra collezione \u00e8 gestita dal nostro personale o da partner accuratamente selezionati che condividono la nostra mission e i nostri standard. Questo ci permette di controllare ogni singolo dettaglio.<\/p>\n<p>Durante il tuo soggiorno, sarai assistito da <strong>un Guest Angel dedicato, uno specialista dell&#8217;ospitalit\u00e0 che fa parte dello staff di Puglia Paradise e che ne condivide i valori<\/strong>. Il Guest Angel fa sempre parte del nostro team: \u00e8 super qualificato e preparato per fornirti il miglior servizio di personal concierge di sempre.<\/p>\n<p>Come dicono sempre i nostri ospiti <em><strong>&#8220;Guest Angel di Puglia Paradise \u00e8 sempre a portata di mano ma mai invadente. \u00c8 efficiente e professionale. Niente \u00e8 di troppo disturbo per il Guest Angel&#8221;<\/strong><\/em>.<\/p>\n<p>Vorresti arricchire le tue vacanze con <strong>servizi ed esperienze aggiuntivi<\/strong>? Preferisci che la piscina venga pulita molto presto la mattina oppure la sera? Ti piacerebbe avere delle pulizie extra da eseguire in uno specifico momento della giornata? <strong>Possiamo soddisfare ogni tua richiesta<\/strong>.<\/p>\n<p>Come fondatore e direttore di Puglia Paradise, ho selezionato personalmente ogni villa della nostra collezione e le conosco tutte molto bene. Mediamente <strong>accetto solo 1 nuova villa su 9 ville che ispeziono<\/strong>. La ragione? Voglio davvero offrirti ville con un carattere unico, ben arredate, perfettamente tenute, vicine al paese e ai servizi. Non accettiamo alcun compromesso nella scelta della villa. Con Puglia Paradise troverai sempre le migliori ville.[\/vc_column_text]<div style=\"clear:both; width:100%; height:32px\"><\/div>[vc_column_text]<\/p>\n<h1 style=\"text-align: center;\"><span style=\"color: #05bfc6;\"><strong>Cosa garantiamo<\/strong><\/span><\/h1>\n<p>[\/vc_column_text]<div style=\"clear:both; width:100%; height:32px\"><\/div>[\/vc_column][\/vc_row][vc_row][vc_column width=&#8221;1\/2&#8243;][vc_column_text]<\/p>\n<p class=\"p1\"><span class=\"s1\"><img decoding=\"async\" class=\"aligncenter wp-image-252\" src=\"https:\/\/old.pugliaparadise.com\/wp-content\/uploads\/2019\/09\/ic-swimmingpool.png\" alt=\"\" width=\"100\" height=\"100\" srcset=\"https:\/\/old.pugliaparadise.com\/wp-content\/uploads\/2019\/09\/ic-swimmingpool.png 300w, https:\/\/old.pugliaparadise.com\/wp-content\/uploads\/2019\/09\/ic-swimmingpool-150x150.png 150w, https:\/\/old.pugliaparadise.com\/wp-content\/uploads\/2019\/09\/ic-swimmingpool-250x250.png 250w\" sizes=\"(max-width: 100px) 100vw, 100px\" \/><\/span><\/p>\n<h2 class=\"p1\" style=\"text-align: center;\"><strong>VILLE E TRULLI<br \/>\nCON PISCINA PRIVATA<\/strong><\/h2>\n<p class=\"p1\" style=\"text-align: center;\">Accurata selezione di ville dal carattere unico, arredate con gusto, perfettamente manutenute e vicine al paese e ai servizi.<\/p>\n<p>[\/vc_column_text][\/vc_column][vc_column width=&#8221;1\/2&#8243;][vc_column_text]<\/p>\n<p class=\"p1\"><img decoding=\"async\" class=\"aligncenter wp-image-294\" src=\"https:\/\/old.pugliaparadise.com\/wp-content\/uploads\/2019\/09\/ic-dishes.png\" alt=\"\" width=\"100\" height=\"100\" srcset=\"https:\/\/old.pugliaparadise.com\/wp-content\/uploads\/2019\/09\/ic-dishes.png 300w, https:\/\/old.pugliaparadise.com\/wp-content\/uploads\/2019\/09\/ic-dishes-150x150.png 150w, https:\/\/old.pugliaparadise.com\/wp-content\/uploads\/2019\/09\/ic-dishes-250x250.png 250w\" sizes=\"(max-width: 100px) 100vw, 100px\" \/><\/p>\n<h2 class=\"p1\" style=\"text-align: center;\"><strong>SERVIZIO DI PRIMA CLASSE DI CONCIERGE PERSONALE<\/strong><\/h2>\n<p class=\"p1\" style=\"text-align: center;\">Durante il tuo soggiorno sarai assistito da un Guest Angel, un professionista dell&#8217;accoglienza e dell&#8217;ospitalit\u00e0.<\/p>\n<p>[\/vc_column_text][\/vc_column][\/vc_row][vc_row][vc_column][vc_cta h2=&#8221;&#8221;]<\/p>\n<h1><span style=\"color: #05bfc6;\">Questa \u00e8 la mia promessa<\/span><\/h1>\n<p>Se prenoti una villa con Puglia Paradise troverai:<\/p>\n<ul>\n<li>una villa bellissima e perfettamente manutenuta<\/li>\n<li>servizio di concierge personale da parte di un Guest Angel<\/li>\n<\/ul>\n<p>[\/vc_cta][\/vc_column][\/vc_row][vc_row][vc_column][vc_column_text]<\/p>\n<h3 style=\"text-align: center;\">Scopri perch\u00e8 siamo la <a href=\"https:\/\/uk.trustpilot.com\/categories\/vacation_rental?numberofreviews=0&amp;status=all&amp;timeperiod=0\" target=\"_blank\" rel=\"noopener noreferrer\">migliore societ\u00e0 di affitto di ville per vacanze in Puglia secondo TRUSPILOT<\/a><\/h3>\n<p>[\/vc_column_text][vc_single_image image=&#8221;2036&#8243; img_size=&#8221;medium&#8221; alignment=&#8221;center&#8221; onclick=&#8221;custom_link&#8221; img_link_target=&#8221;_blank&#8221; css_animation=&#8221;fadeIn&#8221; link=&#8221;https:\/\/www.trustpilot.com\/review\/www.pugliaparadise.com&#8221;][vc_empty_space][vc_btn title=&#8221;LEGGI LE NOSTRE RECENSIONI&#8221; style=&#8221;custom&#8221; custom_background=&#8221;#05c6bf&#8221; custom_text=&#8221;#ffffff&#8221; shape=&#8221;square&#8221; size=&#8221;lg&#8221; align=&#8221;center&#8221; css_animation=&#8221;appear&#8221; button_block=&#8221;true&#8221;][\/vc_column][\/vc_row]<\/p>\n","protected":false},"excerpt":{"rendered":"<p>[vc_row disable_element=&#8221;yes&#8221;][vc_column][vc_video link=&#8221;https:\/\/www.youtube.com\/watch?v=PyS0ToZ_aIA&#8221; css_animation=&#8221;fadeIn&#8221;][\/vc_column][\/vc_row][vc_row][vc_column][\/vc_column][\/vc_row][vc_row][vc_column][vc_column_text]La tua felicit\u00e0 \u00e8 la nostra priorit\u00e0. Sappiamo quanto le vacanze siano importanti e facciamo del nostro meglio per assicurarci che tutti i nostri ospiti possano goderne appieno. Gestiamo e affittiamo alcune tra le migliori ville con piscina privata in Puglia: una selezione di sole 31 delle oltre 2.300 ville in Puglia. [&hellip;]<\/p>\n","protected":false},"author":2,"featured_media":0,"parent":0,"menu_order":0,"comment_status":"closed","ping_status":"closed","template":"","meta":[],"yoast_head":"<!-- This site is optimized with the Yoast SEO plugin v20.8 - https:\/\/yoast.com\/wordpress\/plugins\/seo\/ -->\n<title>Perch\u00e9 scegliere Puglia Paradise - Puglia Paradise<\/title>\n<meta name=\"robots\" content=\"noindex, follow, max-snippet:-1, max-image-preview:large, max-video-preview:-1\" \/>\n<meta property=\"og:locale\" content=\"it_IT\" \/>\n<meta property=\"og:type\" content=\"article\" \/>\n<meta property=\"og:title\" content=\"Perch\u00e9 scegliere Puglia Paradise - Puglia Paradise\" \/>\n<meta property=\"og:description\" content=\"[vc_row disable_element=&#8221;yes&#8221;][vc_column][vc_video link=&#8221;https:\/\/www.youtube.com\/watch?v=PyS0ToZ_aIA&#8221; css_animation=&#8221;fadeIn&#8221;][\/vc_column][\/vc_row][vc_row][vc_column][\/vc_column][\/vc_row][vc_row][vc_column][vc_column_text]La tua felicit\u00e0 \u00e8 la nostra priorit\u00e0. Sappiamo quanto le vacanze siano importanti e facciamo del nostro meglio per assicurarci che tutti i nostri ospiti possano goderne appieno. Gestiamo e affittiamo alcune tra le migliori ville con piscina privata in Puglia: una selezione di sole 31 delle oltre 2.300 ville in Puglia. [&hellip;]\" \/>\n<meta property=\"og:url\" content=\"https:\/\/old.pugliaparadise.com\/it\/perche-scegliere-puglia-paradise-2\/\" \/>\n<meta property=\"og:site_name\" content=\"Puglia Paradise\" \/>\n<meta property=\"article:modified_time\" content=\"2021-01-07T15:29:19+00:00\" \/>\n<meta property=\"og:image\" content=\"https:\/\/old.pugliaparadise.com\/wp-content\/uploads\/2019\/09\/ic-swimmingpool.png\" \/>\n<meta name=\"twitter:card\" content=\"summary_large_image\" \/>\n<meta name=\"twitter:label1\" content=\"Tempo di lettura stimato\" \/>\n\t<meta name=\"twitter:data1\" content=\"3 minuti\" \/>\n<script type=\"application\/ld+json\" class=\"yoast-schema-graph\">{\"@context\":\"https:\/\/schema.org\",\"@graph\":[{\"@type\":\"WebPage\",\"@id\":\"https:\/\/old.pugliaparadise.com\/it\/perche-scegliere-puglia-paradise-2\/\",\"url\":\"https:\/\/old.pugliaparadise.com\/it\/perche-scegliere-puglia-paradise-2\/\",\"name\":\"Perch\u00e9 scegliere Puglia Paradise - Puglia Paradise\",\"isPartOf\":{\"@id\":\"https:\/\/old.pugliaparadise.com\/it\/#website\"},\"datePublished\":\"2020-12-18T16:26:05+00:00\",\"dateModified\":\"2021-01-07T15:29:19+00:00\",\"breadcrumb\":{\"@id\":\"https:\/\/old.pugliaparadise.com\/it\/perche-scegliere-puglia-paradise-2\/#breadcrumb\"},\"inLanguage\":\"it-IT\",\"potentialAction\":[{\"@type\":\"ReadAction\",\"target\":[\"https:\/\/old.pugliaparadise.com\/it\/perche-scegliere-puglia-paradise-2\/\"]}]},{\"@type\":\"BreadcrumbList\",\"@id\":\"https:\/\/old.pugliaparadise.com\/it\/perche-scegliere-puglia-paradise-2\/#breadcrumb\",\"itemListElement\":[{\"@type\":\"ListItem\",\"position\":1,\"name\":\"Home\",\"item\":\"https:\/\/old.pugliaparadise.com\/it\/\"},{\"@type\":\"ListItem\",\"position\":2,\"name\":\"Perch\u00e9 scegliere Puglia Paradise\"}]},{\"@type\":\"WebSite\",\"@id\":\"https:\/\/old.pugliaparadise.com\/it\/#website\",\"url\":\"https:\/\/old.pugliaparadise.com\/it\/\",\"name\":\"Puglia Paradise\",\"description\":\"Villa life in Italy at its best\",\"publisher\":{\"@id\":\"https:\/\/old.pugliaparadise.com\/it\/#organization\"},\"potentialAction\":[{\"@type\":\"SearchAction\",\"target\":{\"@type\":\"EntryPoint\",\"urlTemplate\":\"https:\/\/old.pugliaparadise.com\/it\/?s={search_term_string}\"},\"query-input\":\"required name=search_term_string\"}],\"inLanguage\":\"it-IT\"},{\"@type\":\"Organization\",\"@id\":\"https:\/\/old.pugliaparadise.com\/it\/#organization\",\"name\":\"Puglia Paradise\",\"url\":\"https:\/\/old.pugliaparadise.com\/it\/\",\"logo\":{\"@type\":\"ImageObject\",\"inLanguage\":\"it-IT\",\"@id\":\"https:\/\/old.pugliaparadise.com\/it\/#\/schema\/logo\/image\/\",\"url\":\"https:\/\/old.pugliaparadise.com\/wp-content\/uploads\/2019\/09\/Logo-Puglia-Paradise-02.png\",\"contentUrl\":\"https:\/\/old.pugliaparadise.com\/wp-content\/uploads\/2019\/09\/Logo-Puglia-Paradise-02.png\",\"width\":1920,\"height\":311,\"caption\":\"Puglia Paradise\"},\"image\":{\"@id\":\"https:\/\/old.pugliaparadise.com\/it\/#\/schema\/logo\/image\/\"}}]}<\/script>\n<!-- \/ Yoast SEO plugin. -->","yoast_head_json":{"title":"Perch\u00e9 scegliere Puglia Paradise - Puglia Paradise","robots":{"index":"noindex","follow":"follow","max-snippet":"max-snippet:-1","max-image-preview":"max-image-preview:large","max-video-preview":"max-video-preview:-1"},"og_locale":"it_IT","og_type":"article","og_title":"Perch\u00e9 scegliere Puglia Paradise - Puglia Paradise","og_description":"[vc_row disable_element=&#8221;yes&#8221;][vc_column][vc_video link=&#8221;https:\/\/www.youtube.com\/watch?v=PyS0ToZ_aIA&#8221; css_animation=&#8221;fadeIn&#8221;][\/vc_column][\/vc_row][vc_row][vc_column][\/vc_column][\/vc_row][vc_row][vc_column][vc_column_text]La tua felicit\u00e0 \u00e8 la nostra priorit\u00e0. Sappiamo quanto le vacanze siano importanti e facciamo del nostro meglio per assicurarci che tutti i nostri ospiti possano goderne appieno. Gestiamo e affittiamo alcune tra le migliori ville con piscina privata in Puglia: una selezione di sole 31 delle oltre 2.300 ville in Puglia. [&hellip;]","og_url":"https:\/\/old.pugliaparadise.com\/it\/perche-scegliere-puglia-paradise-2\/","og_site_name":"Puglia Paradise","article_modified_time":"2021-01-07T15:29:19+00:00","og_image":[{"url":"https:\/\/old.pugliaparadise.com\/wp-content\/uploads\/2019\/09\/ic-swimmingpool.png"}],"twitter_card":"summary_large_image","twitter_misc":{"Tempo di lettura stimato":"3 minuti"},"schema":{"@context":"https:\/\/schema.org","@graph":[{"@type":"WebPage","@id":"https:\/\/old.pugliaparadise.com\/it\/perche-scegliere-puglia-paradise-2\/","url":"https:\/\/old.pugliaparadise.com\/it\/perche-scegliere-puglia-paradise-2\/","name":"Perch\u00e9 scegliere Puglia Paradise - Puglia Paradise","isPartOf":{"@id":"https:\/\/old.pugliaparadise.com\/it\/#website"},"datePublished":"2020-12-18T16:26:05+00:00","dateModified":"2021-01-07T15:29:19+00:00","breadcrumb":{"@id":"https:\/\/old.pugliaparadise.com\/it\/perche-scegliere-puglia-paradise-2\/#breadcrumb"},"inLanguage":"it-IT","potentialAction":[{"@type":"ReadAction","target":["https:\/\/old.pugliaparadise.com\/it\/perche-scegliere-puglia-paradise-2\/"]}]},{"@type":"BreadcrumbList","@id":"https:\/\/old.pugliaparadise.com\/it\/perche-scegliere-puglia-paradise-2\/#breadcrumb","itemListElement":[{"@type":"ListItem","position":1,"name":"Home","item":"https:\/\/old.pugliaparadise.com\/it\/"},{"@type":"ListItem","position":2,"name":"Perch\u00e9 scegliere Puglia Paradise"}]},{"@type":"WebSite","@id":"https:\/\/old.pugliaparadise.com\/it\/#website","url":"https:\/\/old.pugliaparadise.com\/it\/","name":"Puglia Paradise","description":"Villa life in Italy at its best","publisher":{"@id":"https:\/\/old.pugliaparadise.com\/it\/#organization"},"potentialAction":[{"@type":"SearchAction","target":{"@type":"EntryPoint","urlTemplate":"https:\/\/old.pugliaparadise.com\/it\/?s={search_term_string}"},"query-input":"required name=search_term_string"}],"inLanguage":"it-IT"},{"@type":"Organization","@id":"https:\/\/old.pugliaparadise.com\/it\/#organization","name":"Puglia Paradise","url":"https:\/\/old.pugliaparadise.com\/it\/","logo":{"@type":"ImageObject","inLanguage":"it-IT","@id":"https:\/\/old.pugliaparadise.com\/it\/#\/schema\/logo\/image\/","url":"https:\/\/old.pugliaparadise.com\/wp-content\/uploads\/2019\/09\/Logo-Puglia-Paradise-02.png","contentUrl":"https:\/\/old.pugliaparadise.com\/wp-content\/uploads\/2019\/09\/Logo-Puglia-Paradise-02.png","width":1920,"height":311,"caption":"Puglia Paradise"},"image":{"@id":"https:\/\/old.pugliaparadise.com\/it\/#\/schema\/logo\/image\/"}}]}},"_links":{"self":[{"href":"https:\/\/old.pugliaparadise.com\/it\/wp-json\/wp\/v2\/pages\/3657"}],"collection":[{"href":"https:\/\/old.pugliaparadise.com\/it\/wp-json\/wp\/v2\/pages"}],"about":[{"href":"https:\/\/old.pugliaparadise.com\/it\/wp-json\/wp\/v2\/types\/page"}],"author":[{"embeddable":true,"href":"https:\/\/old.pugliaparadise.com\/it\/wp-json\/wp\/v2\/users\/2"}],"replies":[{"embeddable":true,"href":"https:\/\/old.pugliaparadise.com\/it\/wp-json\/wp\/v2\/comments?post=3657"}],"version-history":[{"count":0,"href":"https:\/\/old.pugliaparadise.com\/it\/wp-json\/wp\/v2\/pages\/3657\/revisions"}],"wp:attachment":[{"href":"https:\/\/old.pugliaparadise.com\/it\/wp-json\/wp\/v2\/media?parent=3657"}],"curies":[{"name":"wp","href":"https:\/\/api.w.org\/{rel}","templated":true}]}}