{"id":2935,"date":"2020-10-19T16:37:10","date_gmt":"2020-10-19T14:37:10","guid":{"rendered":"https:\/\/old.pugliaparadise.com\/?page_id=2935"},"modified":"2022-12-12T15:39:36","modified_gmt":"2022-12-12T14:39:36","slug":"lavora-con-noi","status":"publish","type":"page","link":"https:\/\/old.pugliaparadise.com\/it\/lavora-con-noi\/","title":{"rendered":"Lavora con noi"},"content":{"rendered":"<p>[vc_row full_width=&#8221;stretch_row&#8221; content_placement=&#8221;middle&#8221; el_class=&#8221;altezza-3&#8243; css=&#8221;.vc_custom_1670847887053{background-image: url(https:\/\/old.pugliaparadise.com\/wp-content\/uploads\/2019\/09\/01_Puglia_Paradise_office_team-1.jpg?id=1973) !important;background-position: center !important;background-repeat: no-repeat !important;background-size: cover !important;}&#8221;][vc_column][vc_column_text el_class=&#8221;large&#8221;][\/vc_column_text][\/vc_column][\/vc_row][vc_row][vc_column width=&#8221;2\/12&#8243;][\/vc_column][vc_column width=&#8221;2\/3&#8243;][vc_column_text]<\/p>\n<h2>Ricerchiamo personale motivato e con tanta voglia di lavorare in uno dei settori pi\u00f9 belli: l&#8217;ospitalit\u00e0<\/h2>\n<h2><\/h2>\n<p>Puglia Paradise \u00e8 un&#8217;azienda specializzata nella gestione e affitto di ville private con piscina. I nostri ospiti sono tipicamente famiglie con bambini provenienti dall&#8217;estero.<\/p>\n<p>Puglia Paradise \u00e8 un tour operator specializzato nell\u2019accoglienza di ospiti stranieri in trulli e ville con piscina privata. Puglia Paradise \u00e8 stata fondata da soli sei anni ma vanta un&#8217;eccellente posizionamento nel mercato ed un&#8217;ottima reputazione per il servizio fornito agli ospiti. Recentemente <a href=\"https:\/\/uk.trustpilot.com\/categories\/vacation_rental?numberofreviews=0&amp;status=all&amp;timeperiod=0&amp;fbclid=IwAR0u9HSdHu9Ws5moziokkeKl88jtB6E5fQC2FXCTj7Kld36WO4GW2IqeZ1U\" target=\"_blank\" rel=\"noopener noreferrer\">Trustpilot UK<\/a> ha assegnato a Puglia Paradise il primo posto tra tutte le 263 aziende del settore \u201cvacation rental\u201d che raccolgono recensioni sul Trustpilot e che affittano case vacanze in tutto il mondo.<\/p>\n<p>&nbsp;<\/p>\n<p>In Puglia Paradise crediamo che tutti i turisti in Puglia meritino vacanze indimenticabili e senza stress.<\/p>\n<p>Per questo, forniamo ai nostri ospiti solo ville di lusso con un Guest Angel, ovvero un concierge personale disponibile, mai invadente, competente ed efficace nel prevenire e risolvere i problemi.<\/p>\n<p>Cerchiamo persone in grado di supportare l&#8217;intera organizzazione a garantire la migliore qualit\u00e0 di servizio agli ospiti.<\/p>\n<p>&nbsp;<\/p>\n<p><strong>PUGLIA PARADISE CERCA COLLABORATORI MOTIVATI A CRESCERE E A MIGLIORARSI, CON CAPACIT\u00c0 DI CONFRONTARSI E MISURARSI CON GLI ALTRI E CON UN &#8220;FORTE ORIENTAMENTO ALL&#8217;OSPITE&#8221;, ALLA COLLABORAZIONE, AL SORRISO E ALLA CORTESIA. <\/strong><\/p>\n<p><strong>INVIA IL TUO CURRICULUM, ENTRA IN UNA SQUADRA VINCENTE!<\/strong><\/p>\n<p>&nbsp;<\/p>\n<p>Se ritieni di avere i requisiti richiesti per una delle posizioni aperte, ti invitiamo ad inviare la tua candidatura esclusivamente attraverso il modulo di canditatura. Se non hai un CV, va bene anche una lettera di presentazione dettagliata o un breve video di presentazione.<\/p>\n<p>Per noi essere vicini all&#8217;ospite, e quindi alle nostre ville, \u00e8 fondamentale. Per tanto potremo esclusivamente prendere in considerazione candidati domiciliati a non pi\u00f9 di 1 ora da Alberobello dall&#8217;1 aprile al 15 ottobre.<\/p>\n<p>Valuteremo prontamente la tua candidatura e, se \u00e8 in linea con quanto ricerchiamo, ti inseriremo nei <strong>nostro data base<\/strong>\u00a0che utilizzeremo per contattare i candidati man mano che ci sar\u00e0 necessit\u00e0.[\/vc_column_text][\/vc_column][vc_column width=&#8221;2\/12&#8243;][\/vc_column][\/vc_row][vc_row][vc_column][vc_empty_space height=&#8221;100px&#8221;][vc_column_text]<\/p>\n<h2 style=\"text-align: center;\">Posizioni aperte<\/h2>\n<p style=\"text-align: center;\">Clicca sulla posizione aperta per inviare la tua candiatura. Valuteremo solo le candidature ricevute tramite il nostro sito web.<\/p>\n<p>[\/vc_column_text][vc_empty_space height=&#8221;50px&#8221;][\/vc_column][\/vc_row][vc_row][vc_column][text_with_icons style=&#8221;style_one&#8221; columns=&#8221;three_columns&#8221;][text_with_icon icon_type=&#8221;custom_icon&#8221; custom_icon=&#8221;2910&#8243; title=&#8221;GUEST ANGEL&#8221; text=&#8221;Responsabile alla gestione degli ospiti e delle ville<\/p>\n<p>Posizione aperta per la stagione 2023&#8243; read_more_text=&#8221;Candidati&#8221; read_more_link=&#8221;https:\/\/old.pugliaparadise.com\/it\/guest-angel\/&#8221;][text_with_icon icon_type=&#8221;custom_icon&#8221; custom_icon=&#8221;2914&#8243; title=&#8221;ADDETTI ALLE PULIZIE&#8221; text=&#8221;Addetti alle pulizie delle ville<\/p>\n<p>Posizione aperta per la stagione 2023&#8243; read_more_text=&#8221;Candidati&#8221; read_more_link=&#8221;https:\/\/old.pugliaparadise.com\/it\/addetti-alle-pulizie\/&#8221;][text_with_icon icon_type=&#8221;custom_icon&#8221; custom_icon=&#8221;2906&#8243; title=&#8221;FACCHINO \/ TUTTOFARE&#8221; text=&#8221;Facchino e manutentore generalista con spiccate doti di problem solving<\/p>\n<p>Posizione aperta per la stagione 2023&#8243; read_more_text=&#8221;Candidati&#8221; read_more_link=&#8221;https:\/\/old.pugliaparadise.com\/it\/facchino&#8221;][\/text_with_icons][\/vc_column][\/vc_row]<\/p>\n","protected":false},"excerpt":{"rendered":"<p>[vc_row full_width=&#8221;stretch_row&#8221; content_placement=&#8221;middle&#8221; el_class=&#8221;altezza-3&#8243; css=&#8221;.vc_custom_1670847887053{background-image: url(https:\/\/old.pugliaparadise.com\/wp-content\/uploads\/2019\/09\/01_Puglia_Paradise_office_team-1.jpg?id=1973) !important;background-position: center !important;background-repeat: no-repeat !important;background-size: cover !important;}&#8221;][vc_column][vc_column_text el_class=&#8221;large&#8221;][\/vc_column_text][\/vc_column][\/vc_row][vc_row][vc_column width=&#8221;2\/12&#8243;][\/vc_column][vc_column width=&#8221;2\/3&#8243;][vc_column_text] Ricerchiamo personale motivato e con tanta voglia di lavorare in uno dei settori pi\u00f9 belli: l&#8217;ospitalit\u00e0 Puglia Paradise \u00e8 un&#8217;azienda specializzata nella gestione e affitto di ville private con piscina. I nostri ospiti sono tipicamente famiglie con bambini provenienti [&hellip;]<\/p>\n","protected":false},"author":1,"featured_media":0,"parent":0,"menu_order":0,"comment_status":"closed","ping_status":"closed","template":"template\/template-homepage.php","meta":[],"yoast_head":"<!-- This site is optimized with the Yoast SEO plugin v20.8 - https:\/\/yoast.com\/wordpress\/plugins\/seo\/ -->\n<title>Lavora con noi - Puglia Paradise<\/title>\n<meta name=\"robots\" content=\"noindex, follow, max-snippet:-1, max-image-preview:large, max-video-preview:-1\" \/>\n<meta property=\"og:locale\" content=\"it_IT\" \/>\n<meta property=\"og:type\" content=\"article\" \/>\n<meta property=\"og:title\" content=\"Lavora con noi - Puglia Paradise\" \/>\n<meta property=\"og:description\" content=\"[vc_row full_width=&#8221;stretch_row&#8221; content_placement=&#8221;middle&#8221; el_class=&#8221;altezza-3&#8243; css=&#8221;.vc_custom_1670847887053{background-image: url(https:\/\/old.pugliaparadise.com\/wp-content\/uploads\/2019\/09\/01_Puglia_Paradise_office_team-1.jpg?id=1973) !important;background-position: center !important;background-repeat: no-repeat !important;background-size: cover !important;}&#8221;][vc_column][vc_column_text el_class=&#8221;large&#8221;][\/vc_column_text][\/vc_column][\/vc_row][vc_row][vc_column width=&#8221;2\/12&#8243;][\/vc_column][vc_column width=&#8221;2\/3&#8243;][vc_column_text] Ricerchiamo personale motivato e con tanta voglia di lavorare in uno dei settori pi\u00f9 belli: l&#8217;ospitalit\u00e0 Puglia Paradise \u00e8 un&#8217;azienda specializzata nella gestione e affitto di ville private con piscina. I nostri ospiti sono tipicamente famiglie con bambini provenienti [&hellip;]\" \/>\n<meta property=\"og:url\" content=\"https:\/\/old.pugliaparadise.com\/it\/lavora-con-noi\/\" \/>\n<meta property=\"og:site_name\" content=\"Puglia Paradise\" \/>\n<meta property=\"article:modified_time\" content=\"2022-12-12T14:39:36+00:00\" \/>\n<meta name=\"twitter:card\" content=\"summary_large_image\" \/>\n<meta name=\"twitter:label1\" content=\"Tempo di lettura stimato\" \/>\n\t<meta name=\"twitter:data1\" content=\"2 minuti\" \/>\n<script type=\"application\/ld+json\" class=\"yoast-schema-graph\">{\"@context\":\"https:\/\/schema.org\",\"@graph\":[{\"@type\":\"WebPage\",\"@id\":\"https:\/\/old.pugliaparadise.com\/it\/lavora-con-noi\/\",\"url\":\"https:\/\/old.pugliaparadise.com\/it\/lavora-con-noi\/\",\"name\":\"Lavora con noi - Puglia Paradise\",\"isPartOf\":{\"@id\":\"https:\/\/old.pugliaparadise.com\/it\/#website\"},\"datePublished\":\"2020-10-19T14:37:10+00:00\",\"dateModified\":\"2022-12-12T14:39:36+00:00\",\"breadcrumb\":{\"@id\":\"https:\/\/old.pugliaparadise.com\/it\/lavora-con-noi\/#breadcrumb\"},\"inLanguage\":\"it-IT\",\"potentialAction\":[{\"@type\":\"ReadAction\",\"target\":[\"https:\/\/old.pugliaparadise.com\/it\/lavora-con-noi\/\"]}]},{\"@type\":\"BreadcrumbList\",\"@id\":\"https:\/\/old.pugliaparadise.com\/it\/lavora-con-noi\/#breadcrumb\",\"itemListElement\":[{\"@type\":\"ListItem\",\"position\":1,\"name\":\"Home\",\"item\":\"https:\/\/old.pugliaparadise.com\/it\/\"},{\"@type\":\"ListItem\",\"position\":2,\"name\":\"Lavora con noi\"}]},{\"@type\":\"WebSite\",\"@id\":\"https:\/\/old.pugliaparadise.com\/it\/#website\",\"url\":\"https:\/\/old.pugliaparadise.com\/it\/\",\"name\":\"Puglia Paradise\",\"description\":\"Villa life in Italy at its best\",\"publisher\":{\"@id\":\"https:\/\/old.pugliaparadise.com\/it\/#organization\"},\"potentialAction\":[{\"@type\":\"SearchAction\",\"target\":{\"@type\":\"EntryPoint\",\"urlTemplate\":\"https:\/\/old.pugliaparadise.com\/it\/?s={search_term_string}\"},\"query-input\":\"required name=search_term_string\"}],\"inLanguage\":\"it-IT\"},{\"@type\":\"Organization\",\"@id\":\"https:\/\/old.pugliaparadise.com\/it\/#organization\",\"name\":\"Puglia Paradise\",\"url\":\"https:\/\/old.pugliaparadise.com\/it\/\",\"logo\":{\"@type\":\"ImageObject\",\"inLanguage\":\"it-IT\",\"@id\":\"https:\/\/old.pugliaparadise.com\/it\/#\/schema\/logo\/image\/\",\"url\":\"https:\/\/old.pugliaparadise.com\/wp-content\/uploads\/2019\/09\/Logo-Puglia-Paradise-02.png\",\"contentUrl\":\"https:\/\/old.pugliaparadise.com\/wp-content\/uploads\/2019\/09\/Logo-Puglia-Paradise-02.png\",\"width\":1920,\"height\":311,\"caption\":\"Puglia Paradise\"},\"image\":{\"@id\":\"https:\/\/old.pugliaparadise.com\/it\/#\/schema\/logo\/image\/\"}}]}<\/script>\n<!-- \/ Yoast SEO plugin. -->","yoast_head_json":{"title":"Lavora con noi - Puglia Paradise","robots":{"index":"noindex","follow":"follow","max-snippet":"max-snippet:-1","max-image-preview":"max-image-preview:large","max-video-preview":"max-video-preview:-1"},"og_locale":"it_IT","og_type":"article","og_title":"Lavora con noi - Puglia Paradise","og_description":"[vc_row full_width=&#8221;stretch_row&#8221; content_placement=&#8221;middle&#8221; el_class=&#8221;altezza-3&#8243; css=&#8221;.vc_custom_1670847887053{background-image: url(https:\/\/old.pugliaparadise.com\/wp-content\/uploads\/2019\/09\/01_Puglia_Paradise_office_team-1.jpg?id=1973) !important;background-position: center !important;background-repeat: no-repeat !important;background-size: cover !important;}&#8221;][vc_column][vc_column_text el_class=&#8221;large&#8221;][\/vc_column_text][\/vc_column][\/vc_row][vc_row][vc_column width=&#8221;2\/12&#8243;][\/vc_column][vc_column width=&#8221;2\/3&#8243;][vc_column_text] Ricerchiamo personale motivato e con tanta voglia di lavorare in uno dei settori pi\u00f9 belli: l&#8217;ospitalit\u00e0 Puglia Paradise \u00e8 un&#8217;azienda specializzata nella gestione e affitto di ville private con piscina. I nostri ospiti sono tipicamente famiglie con bambini provenienti [&hellip;]","og_url":"https:\/\/old.pugliaparadise.com\/it\/lavora-con-noi\/","og_site_name":"Puglia Paradise","article_modified_time":"2022-12-12T14:39:36+00:00","twitter_card":"summary_large_image","twitter_misc":{"Tempo di lettura stimato":"2 minuti"},"schema":{"@context":"https:\/\/schema.org","@graph":[{"@type":"WebPage","@id":"https:\/\/old.pugliaparadise.com\/it\/lavora-con-noi\/","url":"https:\/\/old.pugliaparadise.com\/it\/lavora-con-noi\/","name":"Lavora con noi - Puglia Paradise","isPartOf":{"@id":"https:\/\/old.pugliaparadise.com\/it\/#website"},"datePublished":"2020-10-19T14:37:10+00:00","dateModified":"2022-12-12T14:39:36+00:00","breadcrumb":{"@id":"https:\/\/old.pugliaparadise.com\/it\/lavora-con-noi\/#breadcrumb"},"inLanguage":"it-IT","potentialAction":[{"@type":"ReadAction","target":["https:\/\/old.pugliaparadise.com\/it\/lavora-con-noi\/"]}]},{"@type":"BreadcrumbList","@id":"https:\/\/old.pugliaparadise.com\/it\/lavora-con-noi\/#breadcrumb","itemListElement":[{"@type":"ListItem","position":1,"name":"Home","item":"https:\/\/old.pugliaparadise.com\/it\/"},{"@type":"ListItem","position":2,"name":"Lavora con noi"}]},{"@type":"WebSite","@id":"https:\/\/old.pugliaparadise.com\/it\/#website","url":"https:\/\/old.pugliaparadise.com\/it\/","name":"Puglia Paradise","description":"Villa life in Italy at its best","publisher":{"@id":"https:\/\/old.pugliaparadise.com\/it\/#organization"},"potentialAction":[{"@type":"SearchAction","target":{"@type":"EntryPoint","urlTemplate":"https:\/\/old.pugliaparadise.com\/it\/?s={search_term_string}"},"query-input":"required name=search_term_string"}],"inLanguage":"it-IT"},{"@type":"Organization","@id":"https:\/\/old.pugliaparadise.com\/it\/#organization","name":"Puglia Paradise","url":"https:\/\/old.pugliaparadise.com\/it\/","logo":{"@type":"ImageObject","inLanguage":"it-IT","@id":"https:\/\/old.pugliaparadise.com\/it\/#\/schema\/logo\/image\/","url":"https:\/\/old.pugliaparadise.com\/wp-content\/uploads\/2019\/09\/Logo-Puglia-Paradise-02.png","contentUrl":"https:\/\/old.pugliaparadise.com\/wp-content\/uploads\/2019\/09\/Logo-Puglia-Paradise-02.png","width":1920,"height":311,"caption":"Puglia Paradise"},"image":{"@id":"https:\/\/old.pugliaparadise.com\/it\/#\/schema\/logo\/image\/"}}]}},"_links":{"self":[{"href":"https:\/\/old.pugliaparadise.com\/it\/wp-json\/wp\/v2\/pages\/2935"}],"collection":[{"href":"https:\/\/old.pugliaparadise.com\/it\/wp-json\/wp\/v2\/pages"}],"about":[{"href":"https:\/\/old.pugliaparadise.com\/it\/wp-json\/wp\/v2\/types\/page"}],"author":[{"embeddable":true,"href":"https:\/\/old.pugliaparadise.com\/it\/wp-json\/wp\/v2\/users\/1"}],"replies":[{"embeddable":true,"href":"https:\/\/old.pugliaparadise.com\/it\/wp-json\/wp\/v2\/comments?post=2935"}],"version-history":[{"count":8,"href":"https:\/\/old.pugliaparadise.com\/it\/wp-json\/wp\/v2\/pages\/2935\/revisions"}],"predecessor-version":[{"id":6467,"href":"https:\/\/old.pugliaparadise.com\/it\/wp-json\/wp\/v2\/pages\/2935\/revisions\/6467"}],"wp:attachment":[{"href":"https:\/\/old.pugliaparadise.com\/it\/wp-json\/wp\/v2\/media?parent=2935"}],"curies":[{"name":"wp","href":"https:\/\/api.w.org\/{rel}","templated":true}]}}