{"id":2120,"date":"2020-03-28T12:34:52","date_gmt":"2020-03-28T11:34:52","guid":{"rendered":"https:\/\/old.pugliaparadise.com\/?page_id=2120"},"modified":"2020-03-28T12:44:17","modified_gmt":"2020-03-28T11:44:17","slug":"investi-in-puglia","status":"publish","type":"page","link":"https:\/\/old.pugliaparadise.com\/it\/investi-in-puglia\/","title":{"rendered":"Investi in Puglia"},"content":{"rendered":"<p>[vc_row full_width=&#8221;stretch_row&#8221; content_placement=&#8221;middle&#8221; el_class=&#8221;altezza-3&#8243; css=&#8221;.vc_custom_1568129547461{background-image: url(https:\/\/old.pugliaparadise.com\/wp-content\/uploads\/2019\/09\/slider-scuro.jpg?id=569) !important;background-position: center !important;background-repeat: no-repeat !important;background-size: cover !important;}&#8221;][vc_column][vc_column_text el_class=&#8221;large&#8221;]<\/p>\n<h1 style=\"text-align: center;\"><span style=\"color: #ffffff;\">Puglia Paradise<\/span><br \/>\n<span style=\"color: #ffffff;\">Investment Consulting<\/span><\/h1>\n<p>[\/vc_column_text][\/vc_column][\/vc_row][vc_row][vc_column width=&#8221;2\/12&#8243;][\/vc_column][vc_column width=&#8221;2\/3&#8243;][vc_column_text]<\/p>\n<h2>Il tuo partner per il migliore investimento immobiliare in Puglia.<\/h2>\n<h2>Rendimenti fino al 7% annuo netto<\/h2>\n<p>Siamo specializzati nell&#8217;affitto di ville private a clienti internazionali. Conosciamo molto bene il mercato e quanto possa rendere un immobile in Puglia.<\/p>\n<p>Per questo possiamo aiutarti a scegliere l&#8217;immobile miglirore su cui investire.<\/p>\n<p>Possiamo affiancarti nell&#8217;intero processo ovvero nella ricerca dell&#8217;immobile pi\u00f9 idoneo, nell&#8217;acquisto, nella ristrutturazione, nell&#8217;allestimento intero, nella gestione dell&#8217;immobile e del business degli affitti.<\/p>\n<p><strong>Tutta la nostra esperienza a tuo servizio senza nessun costo in pi\u00f9 rispetto alle agenzie immobiliari tradizionali.<\/strong><br \/>\n[\/vc_column_text][vc_btn title=&#8221;CONTATTACI&#8221; style=&#8221;custom&#8221; custom_background=&#8221;#05c6bf&#8221; custom_text=&#8221;#ffffff&#8221; shape=&#8221;square&#8221; size=&#8221;lg&#8221; align=&#8221;center&#8221; el_class=&#8221;cta-big&#8221; link=&#8221;url:https%3A%2F%2Fold.pugliaparadise.com%2Fit%2Fcontattaci%2F|title:Contact%20us|target:%20_blank|&#8221;][\/vc_column][vc_column width=&#8221;2\/12&#8243;][\/vc_column][\/vc_row][vc_row][vc_column][vc_empty_space height=&#8221;100px&#8221;][vc_column_text]<\/p>\n<h2 style=\"text-align: center;\">Perch\u00e9 scegliere Puglia Paradise Investment Consulting<\/h2>\n<p>[\/vc_column_text][vc_empty_space height=&#8221;50px&#8221;][\/vc_column][\/vc_row][vc_row equal_height=&#8221;yes&#8221;][vc_column width=&#8221;1\/3&#8243;][vc_single_image image=&#8221;2121&#8243; img_size=&#8221;100&#215;100&#8243; alignment=&#8221;center&#8221;][vc_column_text]<\/p>\n<p style=\"text-align: center;\"><strong>SUPPORTO ESCLUSIVO ALL&#8217;ACQUIRENTE<\/strong><\/p>\n<p style=\"text-align: center;\">La nostra attivit\u00e0 viene svolta esclusivamente nell&#8217;interesse dell&#8217;acquirente allo scopo di avere una collaborazione duratura (ristrutturazione o costruzione, gestione della progettazione, assistenza burocratica e fiscale, gestione della propriet\u00e0, gestione degli affitti).<\/p>\n<p>[\/vc_column_text][\/vc_column][vc_column width=&#8221;1\/3&#8243;][vc_single_image image=&#8221;2124&#8243; img_size=&#8221;100&#215;100&#8243; alignment=&#8221;center&#8221;][vc_column_text]<\/p>\n<p style=\"text-align: center;\"><strong>RICHERCA DELL&#8217;IMMOBILE PIU&#8217; IDONEO<\/strong><\/p>\n<p style=\"text-align: center;\"><span lang=\"it\">A differenza delle agenzie immobiliari tradizionali, non siamo limitati al portafoglio della nostra agenzi. Al contrario analizziamo tutti gli immobili disponibili sul mercato e quindi selezioniamo per te una gamma di opzioni in base alla tua strategia di investimento e al nostro studio di redditivit\u00e0.<\/span><\/p>\n<p>[\/vc_column_text][\/vc_column][vc_column width=&#8221;1\/3&#8243;][vc_single_image image=&#8221;2129&#8243; img_size=&#8221;100&#215;100&#8243; alignment=&#8221;center&#8221;][vc_column_text]<\/p>\n<p style=\"text-align: center;\"><strong>RISPARMIO DI TEMPO<\/strong><\/p>\n<p style=\"text-align: center;\"><span lang=\"it\">Non perderai tempo a cercare su diversi siti web e contattare diverse agenzie immobiliari, che hanno come scopo la vendita di uno dei loro immobili senza preoccuparsi delle implicazioni future sulla redditivit\u00e0 dell&#8217;investimento.<\/span><\/p>\n<p>[\/vc_column_text][\/vc_column][vc_column width=&#8221;1\/3&#8243;][vc_single_image image=&#8221;2126&#8243; img_size=&#8221;100&#215;100&#8243; alignment=&#8221;center&#8221;][vc_column_text]<\/p>\n<p style=\"text-align: center;\"><strong>MASSIMA REDDITIVITA&#8217;<\/strong><\/p>\n<p style=\"text-align: center;\"><span lang=\"it\">Affidandoti a professionisti nel settore delle ville di lusso gi\u00e0 in fase di scelta dell&#8217;immobile, avrai la certezza di poter ottenere la redditivit\u00e0 pi\u00f9 alta possibile in Puglia<\/span><\/p>\n<p>[\/vc_column_text][\/vc_column][vc_column width=&#8221;1\/3&#8243;][vc_single_image image=&#8221;2125&#8243; img_size=&#8221;100&#215;100&#8243; alignment=&#8221;center&#8221;][vc_column_text]<\/p>\n<p style=\"text-align: center;\"><strong>ACQUISTO E GESTIONE SENZA STRESS<\/strong><\/p>\n<p style=\"text-align: center;\">Ti affianchiamo dall&#8217;acquisto alla generazione del reddito fondiario. Siamo il tuo unico punto di riferimento e ti solleveremo da tutte le questioni burocratiche.<\/p>\n<p>[\/vc_column_text][\/vc_column][vc_column width=&#8221;1\/3&#8243;][vc_single_image image=&#8221;2128&#8243; img_size=&#8221;100&#215;100&#8243; alignment=&#8221;center&#8221;][vc_column_text]<\/p>\n<p style=\"text-align: center;\"><strong>MIGLIORI CONDIZIONI DI ACQUISTO<\/strong><\/p>\n<p style=\"text-align: center;\">Non facciamo intermediazione immobiliare tra acquirente e venditore. Forniamo soltanto consulenza immobiliare all&#8217;acquirente, ovvero affianchiamo solo l&#8217;acquirente nel suo esclusivo interesse con l&#8217;obiettivo di ottenere le migliori condizioni di acquisto.<\/p>\n<p>[\/vc_column_text][\/vc_column][\/vc_row][vc_row][vc_column][vc_btn title=&#8221;CONTATTACI&#8221; style=&#8221;custom&#8221; custom_background=&#8221;#05c6bf&#8221; custom_text=&#8221;#ffffff&#8221; shape=&#8221;square&#8221; size=&#8221;lg&#8221; align=&#8221;center&#8221; el_class=&#8221;cta-big&#8221; link=&#8221;url:https%3A%2F%2Fold.pugliaparadise.com%2Fit%2Fcontattaci%2F|title:Contact%20us|target:%20_blank|&#8221;][vc_empty_space height=&#8221;50px&#8221;][\/vc_column][\/vc_row]<\/p>\n","protected":false},"excerpt":{"rendered":"<p>[vc_row full_width=&#8221;stretch_row&#8221; content_placement=&#8221;middle&#8221; el_class=&#8221;altezza-3&#8243; css=&#8221;.vc_custom_1568129547461{background-image: url(https:\/\/old.pugliaparadise.com\/wp-content\/uploads\/2019\/09\/slider-scuro.jpg?id=569) !important;background-position: center !important;background-repeat: no-repeat !important;background-size: cover !important;}&#8221;][vc_column][vc_column_text el_class=&#8221;large&#8221;] Puglia Paradise Investment Consulting [\/vc_column_text][\/vc_column][\/vc_row][vc_row][vc_column width=&#8221;2\/12&#8243;][\/vc_column][vc_column width=&#8221;2\/3&#8243;][vc_column_text] Il tuo partner per il migliore investimento immobiliare in Puglia. Rendimenti fino al 7% annuo netto Siamo specializzati nell&#8217;affitto di ville private a clienti internazionali. Conosciamo molto bene il mercato e quanto possa rendere [&hellip;]<\/p>\n","protected":false},"author":2,"featured_media":0,"parent":0,"menu_order":0,"comment_status":"closed","ping_status":"closed","template":"template\/template-homepage.php","meta":[],"yoast_head":"<!-- This site is optimized with the Yoast SEO plugin v20.8 - https:\/\/yoast.com\/wordpress\/plugins\/seo\/ -->\n<title>Investi in Puglia - Puglia Paradise<\/title>\n<meta name=\"description\" content=\"Stai pensando di investire nel settore immobiliare o turistico? Investitori di tutto il mondo stanno investendo in Puglia. Contattaci per scoprire perch\u00e8.\" \/>\n<meta name=\"robots\" content=\"noindex, follow, max-snippet:-1, max-image-preview:large, max-video-preview:-1\" \/>\n<meta property=\"og:locale\" content=\"it_IT\" \/>\n<meta property=\"og:type\" content=\"article\" \/>\n<meta property=\"og:title\" content=\"Investi in Puglia - Puglia Paradise\" \/>\n<meta property=\"og:description\" content=\"Stai pensando di investire nel settore immobiliare o turistico? Investitori di tutto il mondo stanno investendo in Puglia. Contattaci per scoprire perch\u00e8.\" \/>\n<meta property=\"og:url\" content=\"https:\/\/old.pugliaparadise.com\/it\/investi-in-puglia\/\" \/>\n<meta property=\"og:site_name\" content=\"Puglia Paradise\" \/>\n<meta property=\"article:modified_time\" content=\"2020-03-28T11:44:17+00:00\" \/>\n<meta name=\"twitter:card\" content=\"summary_large_image\" \/>\n<meta name=\"twitter:label1\" content=\"Tempo di lettura stimato\" \/>\n\t<meta name=\"twitter:data1\" content=\"3 minuti\" \/>\n<script type=\"application\/ld+json\" class=\"yoast-schema-graph\">{\"@context\":\"https:\/\/schema.org\",\"@graph\":[{\"@type\":\"WebPage\",\"@id\":\"https:\/\/old.pugliaparadise.com\/it\/investi-in-puglia\/\",\"url\":\"https:\/\/old.pugliaparadise.com\/it\/investi-in-puglia\/\",\"name\":\"Investi in Puglia - Puglia Paradise\",\"isPartOf\":{\"@id\":\"https:\/\/old.pugliaparadise.com\/it\/#website\"},\"datePublished\":\"2020-03-28T11:34:52+00:00\",\"dateModified\":\"2020-03-28T11:44:17+00:00\",\"description\":\"Stai pensando di investire nel settore immobiliare o turistico? Investitori di tutto il mondo stanno investendo in Puglia. Contattaci per scoprire perch\u00e8.\",\"breadcrumb\":{\"@id\":\"https:\/\/old.pugliaparadise.com\/it\/investi-in-puglia\/#breadcrumb\"},\"inLanguage\":\"it-IT\",\"potentialAction\":[{\"@type\":\"ReadAction\",\"target\":[\"https:\/\/old.pugliaparadise.com\/it\/investi-in-puglia\/\"]}]},{\"@type\":\"BreadcrumbList\",\"@id\":\"https:\/\/old.pugliaparadise.com\/it\/investi-in-puglia\/#breadcrumb\",\"itemListElement\":[{\"@type\":\"ListItem\",\"position\":1,\"name\":\"Home\",\"item\":\"https:\/\/old.pugliaparadise.com\/it\/\"},{\"@type\":\"ListItem\",\"position\":2,\"name\":\"Investi in Puglia\"}]},{\"@type\":\"WebSite\",\"@id\":\"https:\/\/old.pugliaparadise.com\/it\/#website\",\"url\":\"https:\/\/old.pugliaparadise.com\/it\/\",\"name\":\"Puglia Paradise\",\"description\":\"Villa life in Italy at its best\",\"publisher\":{\"@id\":\"https:\/\/old.pugliaparadise.com\/it\/#organization\"},\"potentialAction\":[{\"@type\":\"SearchAction\",\"target\":{\"@type\":\"EntryPoint\",\"urlTemplate\":\"https:\/\/old.pugliaparadise.com\/it\/?s={search_term_string}\"},\"query-input\":\"required name=search_term_string\"}],\"inLanguage\":\"it-IT\"},{\"@type\":\"Organization\",\"@id\":\"https:\/\/old.pugliaparadise.com\/it\/#organization\",\"name\":\"Puglia Paradise\",\"url\":\"https:\/\/old.pugliaparadise.com\/it\/\",\"logo\":{\"@type\":\"ImageObject\",\"inLanguage\":\"it-IT\",\"@id\":\"https:\/\/old.pugliaparadise.com\/it\/#\/schema\/logo\/image\/\",\"url\":\"https:\/\/old.pugliaparadise.com\/wp-content\/uploads\/2019\/09\/Logo-Puglia-Paradise-02.png\",\"contentUrl\":\"https:\/\/old.pugliaparadise.com\/wp-content\/uploads\/2019\/09\/Logo-Puglia-Paradise-02.png\",\"width\":1920,\"height\":311,\"caption\":\"Puglia Paradise\"},\"image\":{\"@id\":\"https:\/\/old.pugliaparadise.com\/it\/#\/schema\/logo\/image\/\"}}]}<\/script>\n<!-- \/ Yoast SEO plugin. -->","yoast_head_json":{"title":"Investi in Puglia - Puglia Paradise","description":"Stai pensando di investire nel settore immobiliare o turistico? Investitori di tutto il mondo stanno investendo in Puglia. Contattaci per scoprire perch\u00e8.","robots":{"index":"noindex","follow":"follow","max-snippet":"max-snippet:-1","max-image-preview":"max-image-preview:large","max-video-preview":"max-video-preview:-1"},"og_locale":"it_IT","og_type":"article","og_title":"Investi in Puglia - Puglia Paradise","og_description":"Stai pensando di investire nel settore immobiliare o turistico? Investitori di tutto il mondo stanno investendo in Puglia. Contattaci per scoprire perch\u00e8.","og_url":"https:\/\/old.pugliaparadise.com\/it\/investi-in-puglia\/","og_site_name":"Puglia Paradise","article_modified_time":"2020-03-28T11:44:17+00:00","twitter_card":"summary_large_image","twitter_misc":{"Tempo di lettura stimato":"3 minuti"},"schema":{"@context":"https:\/\/schema.org","@graph":[{"@type":"WebPage","@id":"https:\/\/old.pugliaparadise.com\/it\/investi-in-puglia\/","url":"https:\/\/old.pugliaparadise.com\/it\/investi-in-puglia\/","name":"Investi in Puglia - Puglia Paradise","isPartOf":{"@id":"https:\/\/old.pugliaparadise.com\/it\/#website"},"datePublished":"2020-03-28T11:34:52+00:00","dateModified":"2020-03-28T11:44:17+00:00","description":"Stai pensando di investire nel settore immobiliare o turistico? Investitori di tutto il mondo stanno investendo in Puglia. Contattaci per scoprire perch\u00e8.","breadcrumb":{"@id":"https:\/\/old.pugliaparadise.com\/it\/investi-in-puglia\/#breadcrumb"},"inLanguage":"it-IT","potentialAction":[{"@type":"ReadAction","target":["https:\/\/old.pugliaparadise.com\/it\/investi-in-puglia\/"]}]},{"@type":"BreadcrumbList","@id":"https:\/\/old.pugliaparadise.com\/it\/investi-in-puglia\/#breadcrumb","itemListElement":[{"@type":"ListItem","position":1,"name":"Home","item":"https:\/\/old.pugliaparadise.com\/it\/"},{"@type":"ListItem","position":2,"name":"Investi in Puglia"}]},{"@type":"WebSite","@id":"https:\/\/old.pugliaparadise.com\/it\/#website","url":"https:\/\/old.pugliaparadise.com\/it\/","name":"Puglia Paradise","description":"Villa life in Italy at its best","publisher":{"@id":"https:\/\/old.pugliaparadise.com\/it\/#organization"},"potentialAction":[{"@type":"SearchAction","target":{"@type":"EntryPoint","urlTemplate":"https:\/\/old.pugliaparadise.com\/it\/?s={search_term_string}"},"query-input":"required name=search_term_string"}],"inLanguage":"it-IT"},{"@type":"Organization","@id":"https:\/\/old.pugliaparadise.com\/it\/#organization","name":"Puglia Paradise","url":"https:\/\/old.pugliaparadise.com\/it\/","logo":{"@type":"ImageObject","inLanguage":"it-IT","@id":"https:\/\/old.pugliaparadise.com\/it\/#\/schema\/logo\/image\/","url":"https:\/\/old.pugliaparadise.com\/wp-content\/uploads\/2019\/09\/Logo-Puglia-Paradise-02.png","contentUrl":"https:\/\/old.pugliaparadise.com\/wp-content\/uploads\/2019\/09\/Logo-Puglia-Paradise-02.png","width":1920,"height":311,"caption":"Puglia Paradise"},"image":{"@id":"https:\/\/old.pugliaparadise.com\/it\/#\/schema\/logo\/image\/"}}]}},"_links":{"self":[{"href":"https:\/\/old.pugliaparadise.com\/it\/wp-json\/wp\/v2\/pages\/2120"}],"collection":[{"href":"https:\/\/old.pugliaparadise.com\/it\/wp-json\/wp\/v2\/pages"}],"about":[{"href":"https:\/\/old.pugliaparadise.com\/it\/wp-json\/wp\/v2\/types\/page"}],"author":[{"embeddable":true,"href":"https:\/\/old.pugliaparadise.com\/it\/wp-json\/wp\/v2\/users\/2"}],"replies":[{"embeddable":true,"href":"https:\/\/old.pugliaparadise.com\/it\/wp-json\/wp\/v2\/comments?post=2120"}],"version-history":[{"count":0,"href":"https:\/\/old.pugliaparadise.com\/it\/wp-json\/wp\/v2\/pages\/2120\/revisions"}],"wp:attachment":[{"href":"https:\/\/old.pugliaparadise.com\/it\/wp-json\/wp\/v2\/media?parent=2120"}],"curies":[{"name":"wp","href":"https:\/\/api.w.org\/{rel}","templated":true}]}}