{"id":2031,"date":"2020-03-16T16:35:07","date_gmt":"2020-03-16T15:35:07","guid":{"rendered":"https:\/\/old.pugliaparadise.com\/?page_id=2031"},"modified":"2020-11-23T09:40:11","modified_gmt":"2020-11-23T08:40:11","slug":"chi-siamo","status":"publish","type":"page","link":"https:\/\/old.pugliaparadise.com\/it\/chi-siamo\/","title":{"rendered":"Chi siamo"},"content":{"rendered":"<p>[vc_row disable_element=&#8221;yes&#8221;][vc_column][vc_video link=&#8221;https:\/\/www.youtube.com\/watch?v=PyS0ToZ_aIA&#8221;][\/vc_column][\/vc_row][vc_row][vc_column][vc_column_text]<\/p>\n<div style=\"width: 1170px;\" class=\"wp-video\"><!--[if lt IE 9]><script>document.createElement('video');<\/script><![endif]-->\n<video class=\"wp-video-shortcode\" id=\"video-2031-1\" width=\"1170\" height=\"658\" preload=\"metadata\" controls=\"controls\"><source type=\"video\/mp4\" src=\"https:\/\/old.pugliaparadise.com\/wp-content\/uploads\/video\/Villas_in_Puglia_Paradise_why_choose_us.mp4?_=1\" \/><a href=\"https:\/\/old.pugliaparadise.com\/wp-content\/uploads\/video\/Villas_in_Puglia_Paradise_why_choose_us.mp4\">https:\/\/old.pugliaparadise.com\/wp-content\/uploads\/video\/Villas_in_Puglia_Paradise_why_choose_us.mp4<\/a><\/video><\/div>\n<p>[\/vc_column_text][\/vc_column][\/vc_row][vc_row][vc_column][vc_column_text]Sono <strong>Massimo Valentini<\/strong>, fondatore e direttore di Puglia Paradise.<\/p>\n<p>Puglia Paradise \u00e8 un&#8217;azienda specializzata nell&#8217;<strong>affitto di ville e trulli con piscina privata in Puglia<\/strong>.<br \/>\nGestiamo pochissime villa ma tutte <strong>attentamente selezionate e gestite in esclusiva<\/strong>. Il tutto per garantire ai nostri ospiti <strong>privacy, stile, comfort ed un ottimo livello di manutenzione<\/strong>.<\/p>\n<p>Ma quello che davvero ci rende unici \u00e8 il nostro servizio di\u00a0<strong>concierge personale<\/strong>\u00a0fornito dal nostro &#8220;<strong>Guest Angel<\/strong>&#8220;.\u00a0Durante il vostro soggiorno avrete a vostra disposizione un Guest Angel, ovvero <strong>un professionista dell&#8217;accoglienza e dell&#8217;ospitalit\u00e0 che fa parte dello staff di Puglia Paradise e ne condivide i valori<\/strong>.<\/p>\n<p>Il vostro Guest Angel vi accoglier\u00e0 in villa e vi assistera affinch\u00e8 possiate godere appieno della vostra esperienza in villa ed in Puglia. Vi dar\u00e0 consigli su cose da fare e da vedere, dove mangiare, sui mercati locali, sui migliori negozi di prodotti locali e molto altro. Inoltre, per qualsiasi problema tecnico dovesse mai verificarsi in villa, si occuper\u00e0 di coordinare la risoluzione con il nostro staff tecnico in tempo record.<\/p>\n<p>Come dicono sempre i nostri ospiti &#8220;<strong><em>Il Guest Angel di Puglia Paradise \u00e8 sempre a portata di mano ma mai invadente. \u00c8 efficiente e professionale. Niente \u00e8 di troppo disturbo per il Guest Angel<\/em><\/strong>&#8220;.<\/p>\n<div><span data-fr-verified=\"true\">In Puglia Paradise <strong>gestiamo l&#8217;ospitalit\u00e0 in maniera molto personale<\/strong>. Ecco perch\u00e9 i nostri ospiti sono cos\u00ec felici. Per questo, sarei contento di assistervi per qualsiasi informazione o dettaglio.<\/span><\/div>\n<p><span data-fr-verified=\"true\">Ho selezionato personalmente ciascuna villa della nostra collezione e le conosco molto bene, quindi potrei chiarire qualsiasi eventuale dubbio.<\/span>[\/vc_column_text][\/vc_column][\/vc_row][vc_row][vc_column width=&#8221;1\/2&#8243;][vc_column_text]<img decoding=\"async\" class=\"aligncenter wp-image-252\" src=\"https:\/\/old.pugliaparadise.com\/wp-content\/uploads\/2019\/09\/ic-swimmingpool.png\" alt=\"\" width=\"100\" height=\"100\" srcset=\"https:\/\/old.pugliaparadise.com\/wp-content\/uploads\/2019\/09\/ic-swimmingpool.png 300w, https:\/\/old.pugliaparadise.com\/wp-content\/uploads\/2019\/09\/ic-swimmingpool-150x150.png 150w, https:\/\/old.pugliaparadise.com\/wp-content\/uploads\/2019\/09\/ic-swimmingpool-250x250.png 250w\" sizes=\"(max-width: 100px) 100vw, 100px\" \/><\/p>\n<h2 class=\"p1\" style=\"text-align: center;\"><strong>VILLE ESCLUSIVE<\/strong><\/h2>\n<p style=\"text-align: center;\">Splendide ville private con piscina, selezionate con cura e perfettamente manutenute<\/p>\n<p>[\/vc_column_text][\/vc_column][vc_column width=&#8221;1\/2&#8243;][vc_column_text]<img decoding=\"async\" class=\"aligncenter wp-image-294\" src=\"https:\/\/old.pugliaparadise.com\/wp-content\/uploads\/2019\/09\/ic-dishes.png\" alt=\"\" width=\"100\" height=\"100\" srcset=\"https:\/\/old.pugliaparadise.com\/wp-content\/uploads\/2019\/09\/ic-dishes.png 300w, https:\/\/old.pugliaparadise.com\/wp-content\/uploads\/2019\/09\/ic-dishes-150x150.png 150w, https:\/\/old.pugliaparadise.com\/wp-content\/uploads\/2019\/09\/ic-dishes-250x250.png 250w\" sizes=\"(max-width: 100px) 100vw, 100px\" \/><\/p>\n<h2 class=\"p1\" style=\"text-align: center;\"><strong>GUEST ANGEL<\/strong><\/h2>\n<p style=\"text-align: center;\">Un servizio personale di concierge 24\/7 di eccellenza. Tutta l\u2019assistenza di cui hai bisogno per sentirti a casa<\/p>\n<p>[\/vc_column_text][\/vc_column][\/vc_row][vc_row][vc_column][vc_cta h2=&#8221;&#8221;]<\/p>\n<h1><span style=\"color: #05bfc6;\">Questa \u00e8 la mia promessa<\/span><\/h1>\n<p>Se prenoti una villa con Puglia Paradise troverai:<\/p>\n<ul>\n<li>una villa bellissima e perfettamente manutenuta<\/li>\n<li>un servizio di concierge H24 unico al mondo<\/li>\n<\/ul>\n<p>[\/vc_cta][\/vc_column][\/vc_row][vc_row][vc_column][vc_empty_space][vc_column_text]<\/p>\n<h3 style=\"text-align: center;\">Leggi le nostre recensioni e scopri perch\u00e8 siamo l&#8217;<a href=\"https:\/\/uk.trustpilot.com\/categories\/vacation_rental?numberofreviews=0&amp;status=all&amp;timeperiod=0\" target=\"_blank\" rel=\"noopener noreferrer\">operatore di ville pi\u00f9 referenziato su TRUSPILOT<\/a><\/h3>\n<p>[\/vc_column_text][vc_empty_space][vc_btn title=&#8221;LEGGI LE NOSTRE RECENSIONI&#8221; style=&#8221;custom&#8221; custom_background=&#8221;#05c6bf&#8221; custom_text=&#8221;#ffffff&#8221; shape=&#8221;square&#8221; size=&#8221;lg&#8221; align=&#8221;center&#8221; css_animation=&#8221;appear&#8221; button_block=&#8221;true&#8221; link=&#8221;url:https%3A%2F%2Fwww.trustpilot.com%2Freview%2Fwww.pugliaparadise.com|rel:nofollow&#8221;][\/vc_column][\/vc_row]<\/p>\n","protected":false},"excerpt":{"rendered":"<p>[vc_row disable_element=&#8221;yes&#8221;][vc_column][vc_video link=&#8221;https:\/\/www.youtube.com\/watch?v=PyS0ToZ_aIA&#8221;][\/vc_column][\/vc_row][vc_row][vc_column][vc_column_text] [\/vc_column_text][\/vc_column][\/vc_row][vc_row][vc_column][vc_column_text]Sono Massimo Valentini, fondatore e direttore di Puglia Paradise. Puglia Paradise \u00e8 un&#8217;azienda specializzata nell&#8217;affitto di ville e trulli con piscina privata in Puglia. Gestiamo pochissime villa ma tutte attentamente selezionate e gestite in esclusiva. Il tutto per garantire ai nostri ospiti privacy, stile, comfort ed un ottimo livello di manutenzione. Ma [&hellip;]<\/p>\n","protected":false},"author":5,"featured_media":0,"parent":0,"menu_order":0,"comment_status":"closed","ping_status":"closed","template":"","meta":[],"yoast_head":"<!-- This site is optimized with the Yoast SEO plugin v20.8 - https:\/\/yoast.com\/wordpress\/plugins\/seo\/ -->\n<title>Chi siamo - Puglia Paradise<\/title>\n<meta name=\"robots\" content=\"noindex, follow, max-snippet:-1, max-image-preview:large, max-video-preview:-1\" \/>\n<meta property=\"og:locale\" content=\"it_IT\" \/>\n<meta property=\"og:type\" content=\"article\" \/>\n<meta property=\"og:title\" content=\"Chi siamo - Puglia Paradise\" \/>\n<meta property=\"og:description\" content=\"[vc_row disable_element=&#8221;yes&#8221;][vc_column][vc_video link=&#8221;https:\/\/www.youtube.com\/watch?v=PyS0ToZ_aIA&#8221;][\/vc_column][\/vc_row][vc_row][vc_column][vc_column_text] [\/vc_column_text][\/vc_column][\/vc_row][vc_row][vc_column][vc_column_text]Sono Massimo Valentini, fondatore e direttore di Puglia Paradise. Puglia Paradise \u00e8 un&#8217;azienda specializzata nell&#8217;affitto di ville e trulli con piscina privata in Puglia. Gestiamo pochissime villa ma tutte attentamente selezionate e gestite in esclusiva. Il tutto per garantire ai nostri ospiti privacy, stile, comfort ed un ottimo livello di manutenzione. Ma [&hellip;]\" \/>\n<meta property=\"og:url\" content=\"https:\/\/old.pugliaparadise.com\/it\/chi-siamo\/\" \/>\n<meta property=\"og:site_name\" content=\"Puglia Paradise\" \/>\n<meta property=\"article:modified_time\" content=\"2020-11-23T08:40:11+00:00\" \/>\n<meta property=\"og:image\" content=\"https:\/\/old.pugliaparadise.com\/wp-content\/uploads\/2019\/09\/ic-swimmingpool.png\" \/>\n<meta name=\"twitter:card\" content=\"summary_large_image\" \/>\n<meta name=\"twitter:label1\" content=\"Tempo di lettura stimato\" \/>\n\t<meta name=\"twitter:data1\" content=\"2 minuti\" \/>\n<script type=\"application\/ld+json\" class=\"yoast-schema-graph\">{\"@context\":\"https:\/\/schema.org\",\"@graph\":[{\"@type\":\"WebPage\",\"@id\":\"https:\/\/old.pugliaparadise.com\/it\/chi-siamo\/\",\"url\":\"https:\/\/old.pugliaparadise.com\/it\/chi-siamo\/\",\"name\":\"Chi siamo - Puglia Paradise\",\"isPartOf\":{\"@id\":\"https:\/\/old.pugliaparadise.com\/it\/#website\"},\"datePublished\":\"2020-03-16T15:35:07+00:00\",\"dateModified\":\"2020-11-23T08:40:11+00:00\",\"breadcrumb\":{\"@id\":\"https:\/\/old.pugliaparadise.com\/it\/chi-siamo\/#breadcrumb\"},\"inLanguage\":\"it-IT\",\"potentialAction\":[{\"@type\":\"ReadAction\",\"target\":[\"https:\/\/old.pugliaparadise.com\/it\/chi-siamo\/\"]}]},{\"@type\":\"BreadcrumbList\",\"@id\":\"https:\/\/old.pugliaparadise.com\/it\/chi-siamo\/#breadcrumb\",\"itemListElement\":[{\"@type\":\"ListItem\",\"position\":1,\"name\":\"Home\",\"item\":\"https:\/\/old.pugliaparadise.com\/it\/\"},{\"@type\":\"ListItem\",\"position\":2,\"name\":\"Chi siamo\"}]},{\"@type\":\"WebSite\",\"@id\":\"https:\/\/old.pugliaparadise.com\/it\/#website\",\"url\":\"https:\/\/old.pugliaparadise.com\/it\/\",\"name\":\"Puglia Paradise\",\"description\":\"Villa life in Italy at its best\",\"publisher\":{\"@id\":\"https:\/\/old.pugliaparadise.com\/it\/#organization\"},\"potentialAction\":[{\"@type\":\"SearchAction\",\"target\":{\"@type\":\"EntryPoint\",\"urlTemplate\":\"https:\/\/old.pugliaparadise.com\/it\/?s={search_term_string}\"},\"query-input\":\"required name=search_term_string\"}],\"inLanguage\":\"it-IT\"},{\"@type\":\"Organization\",\"@id\":\"https:\/\/old.pugliaparadise.com\/it\/#organization\",\"name\":\"Puglia Paradise\",\"url\":\"https:\/\/old.pugliaparadise.com\/it\/\",\"logo\":{\"@type\":\"ImageObject\",\"inLanguage\":\"it-IT\",\"@id\":\"https:\/\/old.pugliaparadise.com\/it\/#\/schema\/logo\/image\/\",\"url\":\"https:\/\/old.pugliaparadise.com\/wp-content\/uploads\/2019\/09\/Logo-Puglia-Paradise-02.png\",\"contentUrl\":\"https:\/\/old.pugliaparadise.com\/wp-content\/uploads\/2019\/09\/Logo-Puglia-Paradise-02.png\",\"width\":1920,\"height\":311,\"caption\":\"Puglia Paradise\"},\"image\":{\"@id\":\"https:\/\/old.pugliaparadise.com\/it\/#\/schema\/logo\/image\/\"}}]}<\/script>\n<!-- \/ Yoast SEO plugin. -->","yoast_head_json":{"title":"Chi siamo - Puglia Paradise","robots":{"index":"noindex","follow":"follow","max-snippet":"max-snippet:-1","max-image-preview":"max-image-preview:large","max-video-preview":"max-video-preview:-1"},"og_locale":"it_IT","og_type":"article","og_title":"Chi siamo - Puglia Paradise","og_description":"[vc_row disable_element=&#8221;yes&#8221;][vc_column][vc_video link=&#8221;https:\/\/www.youtube.com\/watch?v=PyS0ToZ_aIA&#8221;][\/vc_column][\/vc_row][vc_row][vc_column][vc_column_text] [\/vc_column_text][\/vc_column][\/vc_row][vc_row][vc_column][vc_column_text]Sono Massimo Valentini, fondatore e direttore di Puglia Paradise. Puglia Paradise \u00e8 un&#8217;azienda specializzata nell&#8217;affitto di ville e trulli con piscina privata in Puglia. Gestiamo pochissime villa ma tutte attentamente selezionate e gestite in esclusiva. Il tutto per garantire ai nostri ospiti privacy, stile, comfort ed un ottimo livello di manutenzione. Ma [&hellip;]","og_url":"https:\/\/old.pugliaparadise.com\/it\/chi-siamo\/","og_site_name":"Puglia Paradise","article_modified_time":"2020-11-23T08:40:11+00:00","og_image":[{"url":"https:\/\/old.pugliaparadise.com\/wp-content\/uploads\/2019\/09\/ic-swimmingpool.png"}],"twitter_card":"summary_large_image","twitter_misc":{"Tempo di lettura stimato":"2 minuti"},"schema":{"@context":"https:\/\/schema.org","@graph":[{"@type":"WebPage","@id":"https:\/\/old.pugliaparadise.com\/it\/chi-siamo\/","url":"https:\/\/old.pugliaparadise.com\/it\/chi-siamo\/","name":"Chi siamo - Puglia Paradise","isPartOf":{"@id":"https:\/\/old.pugliaparadise.com\/it\/#website"},"datePublished":"2020-03-16T15:35:07+00:00","dateModified":"2020-11-23T08:40:11+00:00","breadcrumb":{"@id":"https:\/\/old.pugliaparadise.com\/it\/chi-siamo\/#breadcrumb"},"inLanguage":"it-IT","potentialAction":[{"@type":"ReadAction","target":["https:\/\/old.pugliaparadise.com\/it\/chi-siamo\/"]}]},{"@type":"BreadcrumbList","@id":"https:\/\/old.pugliaparadise.com\/it\/chi-siamo\/#breadcrumb","itemListElement":[{"@type":"ListItem","position":1,"name":"Home","item":"https:\/\/old.pugliaparadise.com\/it\/"},{"@type":"ListItem","position":2,"name":"Chi siamo"}]},{"@type":"WebSite","@id":"https:\/\/old.pugliaparadise.com\/it\/#website","url":"https:\/\/old.pugliaparadise.com\/it\/","name":"Puglia Paradise","description":"Villa life in Italy at its best","publisher":{"@id":"https:\/\/old.pugliaparadise.com\/it\/#organization"},"potentialAction":[{"@type":"SearchAction","target":{"@type":"EntryPoint","urlTemplate":"https:\/\/old.pugliaparadise.com\/it\/?s={search_term_string}"},"query-input":"required name=search_term_string"}],"inLanguage":"it-IT"},{"@type":"Organization","@id":"https:\/\/old.pugliaparadise.com\/it\/#organization","name":"Puglia Paradise","url":"https:\/\/old.pugliaparadise.com\/it\/","logo":{"@type":"ImageObject","inLanguage":"it-IT","@id":"https:\/\/old.pugliaparadise.com\/it\/#\/schema\/logo\/image\/","url":"https:\/\/old.pugliaparadise.com\/wp-content\/uploads\/2019\/09\/Logo-Puglia-Paradise-02.png","contentUrl":"https:\/\/old.pugliaparadise.com\/wp-content\/uploads\/2019\/09\/Logo-Puglia-Paradise-02.png","width":1920,"height":311,"caption":"Puglia Paradise"},"image":{"@id":"https:\/\/old.pugliaparadise.com\/it\/#\/schema\/logo\/image\/"}}]}},"_links":{"self":[{"href":"https:\/\/old.pugliaparadise.com\/it\/wp-json\/wp\/v2\/pages\/2031"}],"collection":[{"href":"https:\/\/old.pugliaparadise.com\/it\/wp-json\/wp\/v2\/pages"}],"about":[{"href":"https:\/\/old.pugliaparadise.com\/it\/wp-json\/wp\/v2\/types\/page"}],"author":[{"embeddable":true,"href":"https:\/\/old.pugliaparadise.com\/it\/wp-json\/wp\/v2\/users\/5"}],"replies":[{"embeddable":true,"href":"https:\/\/old.pugliaparadise.com\/it\/wp-json\/wp\/v2\/comments?post=2031"}],"version-history":[{"count":0,"href":"https:\/\/old.pugliaparadise.com\/it\/wp-json\/wp\/v2\/pages\/2031\/revisions"}],"wp:attachment":[{"href":"https:\/\/old.pugliaparadise.com\/it\/wp-json\/wp\/v2\/media?parent=2031"}],"curies":[{"name":"wp","href":"https:\/\/api.w.org\/{rel}","templated":true}]}}