{"id":2022,"date":"2020-03-16T16:36:54","date_gmt":"2020-03-16T15:36:54","guid":{"rendered":"https:\/\/old.pugliaparadise.com\/?page_id=2022"},"modified":"2022-12-13T20:45:54","modified_gmt":"2022-12-13T19:45:54","slug":"domande-frequenti","status":"publish","type":"page","link":"https:\/\/old.pugliaparadise.com\/it\/domande-frequenti\/","title":{"rendered":"Domande Frequenti"},"content":{"rendered":"<p>[vc_row][vc_column][vc_column_text]Qui puoi trovare le risposte alle domande pi\u00f9 frequenti. Per qualsiasi dubbio non esitare a contattarci. Saremo felici di rispondere a qualsiasi tua domanda.[\/vc_column_text][vc_separator color=&#8221;custom&#8221; accent_color=&#8221;#d8dce1&#8243;][\/vc_column][\/vc_row][vc_row][vc_column][vc_column_text]<\/p>\n<div class=\"_1rlifxji\">\n<div class=\"_12ei9u44\">\n<h1 class=\"_tpbrp\" tabindex=\"-1\"><span style=\"color: #05bfc6;\">La scelta della tua villa<\/span><\/h1>\n<\/div>\n<\/div>\n<p>[\/vc_column_text][vc_toggle title=&#8221;Chi pu\u00f2 fornirmi informazioni sulle ville a cui sono interessato?&#8221; el_id=&#8221;1457564614680-0f2cb9e8-eaaf&#8221;]<\/p>\n<p class=\"txt\"><a href=\"https:\/\/old.pugliaparadise.com\/contact-us\/\" target=\"_blank\" rel=\"noopener noreferrer\">Contattaci<\/a> e ti aiuteremo a scegliere la villa pi\u00f9 adatta per le tue vacanze in Puglia. Veniamo dalla Puglia e amiamo la nostra regione. Assicurarci di farvi prenotare la villa pi\u00f9 adatta alle vostre esigenze e preferenze \u00e8 la nostra massima priorit\u00e0. Pertanto, non esitate a contattarci.<\/p>\n<p>Tuttavia, ti invitiamo a dare un&#8217;occhiata alla nostra collezione di ville dove sono disponibili foto e video professionali per dare un&#8217;idea chiara di cosa puoi aspettarti.[\/vc_toggle][vc_toggle title=&#8221;Qual \u00e8 la capienza massima delle ville?&#8221; el_id=&#8221;1457563269545-df1d9b94-9d5e&#8221;]Per ogni villa la capacit\u00e0 massima \u00e8 chiaramente indicata nella galleria e nella pagina di descrizione della villa. \u00c8 il numero massimo di persone che possono soggiornare in casa, considerando sia i letti che i divani letto. Il numero indicato include bambini e neonati.[\/vc_toggle][vc_toggle title=&#8221;Dove posso verificare i prezzi e le disponibilit\u00e0?&#8221; el_id=&#8221;1457564659743-c02f10f0-44cd&#8221;]Prezzi e disponibilit\u00e0 per ogni singola villa sono indicati nella pagina della villa stessa. Basta aprire il calendario per verificare la disponibilit\u00e0. Per ottenere il prezzo selezionare la data di arrivo e la data di partenza.[\/vc_toggle][vc_toggle title=&#8221;Una volta scelta la villa come posso completare la mia prenotazione?&#8221; el_id=&#8221;1457563413051-53682728-2bbe&#8221;]<a href=\"https:\/\/old.pugliaparadise.com\/how-to-book\/\" target=\"_blank\" rel=\"noopener noreferrer\">Qui<\/a> puoi leggere come prenotare.[\/vc_toggle][vc_toggle title=&#8221;Possiamo arrivare e partire in qualsiasi giorno della settimana?&#8221; el_id=&#8221;1457563354555-9215d732-d143&#8243;]S\u00ec, siamo molto flessibili in termini di giorni di check-in e check-out.[\/vc_toggle][vc_toggle title=&#8221;Posso prenotare solo 7 notti?&#8221;]No, siamo molto flessibili con la durata del soggiorno. A seconda del periodo \u00e8 possibile prenotare a partire da 2 notti (media e bassa stagione) o da 4 notti (alta stagione). Tuttavia, vi preghiamo di considerare che pi\u00f9 lungo \u00e8 il soggiorno, pi\u00f9 basso diventa il prezzo per notte: pertanto vi invitiamo sempre a controllare il prezzo totale se soggiornate una notte in pi\u00f9.[\/vc_toggle][vc_toggle title=&#8221;Le ville sono sicure per i bambini?&#8221;]Tutte le nostre ville sono perfette per famiglie con bambini. Sono state testate da numerose famiglie. Tuttavia, le piscine per loro natura comportano i loro rischi tipici. Pertanto, assicurati che tu e tutti i membri del gruppo prestiate molta attenzione quando utilizzate o siate vicino alla vostra piscina. Quando si utilizza la piscina, i bambini devono essere sorvegliati in ogni momento da un adulto responsabile.[\/vc_toggle][vc_toggle title=&#8221;Le vostre ville sono adatte ad accogliere ospiti con mobilit\u00e0 ridotta o disabilit\u00e0?&#8221;]Prendiamo molto sul serio l&#8217;accessibilit\u00e0 e crediamo che la mobilit\u00e0 limitata o la disabilit\u00e0 non dovrebbero essere una restrizione quando si \u00e8 in vacanza. Tuttavia, ogni villa nel nostro portfolio \u00e8 diversa ed alcune sono pi\u00f9 adatte per gli ospiti con disabilit\u00e0 motorie rispetto ad altre. Vi invitiamo a <a href=\"https:\/\/old.pugliaparadise.com\/contact-us\/\">contattarci<\/a> per una valutazione approfondita delle vostre esigenze e della soluzione pi\u00f9 adatta al vostro soggiorno.[\/vc_toggle][vc_separator color=&#8221;custom&#8221; style=&#8221;dotted&#8221; accent_color=&#8221;#d8dce1&#8243; css=&#8221;.vc_custom_1540486621384{margin-top: 40px !important;}&#8221;][\/vc_column][\/vc_row][vc_row][vc_column][vc_column_text]<\/p>\n<div class=\"_1rlifxji\">\n<div class=\"_12ei9u44\">\n<h1 class=\"_tpbrp\" tabindex=\"-1\"><span style=\"color: #05bfc6;\">Cosa \u00e8 incluso e cosa \u00e8 escluso<\/span><\/h1>\n<\/div>\n<\/div>\n<p>[\/vc_column_text][vc_toggle title=&#8221;Cosa \u00e8 esattamente incluso ed escluso dal prezzo?&#8221; el_id=&#8221;1457629903915-f4fbdb9a-385a&#8221;]Il prezzo include:<\/p>\n<p>\u2013 concierge di prima classe fornito da un Guest Angel dedicato, uno specialista dell&#8217;ospitalit\u00e0 che assister\u00e0 con consigli locali, suggerimenti e molto altro. Questo \u00e8 il vero \u00a0plus di una vacanza con Puglia Paradise. Leggete le nostre recensioni per vedere cosa dicono i nostri ospiti dei Guest Angels<\/p>\n<p>\u2013 villa perfettamente pulita e igienizzata all&#8217;arrivo<\/p>\n<p>\u2013 cambio biancheria, asciugamani da bagno e piscina all&#8217;arrivo (1 set a persona)<\/p>\n<p>\u2013 pulizia, con cambio lenzuola e asciugamani ogni 4 notti<\/p>\n<p>\u2013 pulizie finali<\/p>\n<p>\u2013 pulizia della piscina due volte a settimana<\/p>\n<p>\u2013 tutte le utenze<\/p>\n<p>Il prezzo esclude:<\/p>\n<p>\u2013 tassa di soggiorno da pagare prima della partenza con carta di credito o contanti<\/p>\n<p>\u2013 il deposito cauzionale da garantire con carta di credito prima del vostro arrivo<\/p>\n<p>\u2013 esperienze e servizi opzionali che potrai richiedere per arricchire le tue vacanze[\/vc_toggle][vc_toggle title=&#8221;L&#8217;elettricit\u00e0 \u00e8 inclusa?&#8221;]L&#8217;elettricit\u00e0 \u00e8 sempre inclusa nel prezzo di affitto. Chiediamo agli ospiti di utilizzare gli elettrodomestici e l&#8217;illuminazione in modo responsabile e rispettoso dell&#8217;ambiente. Solo le ville con piscina riscaldata elettricamente potrebbero essere soggette di volta in volta a un prezzo aggiuntivo, in tal caso, questo sar\u00e0 chiaramente menzionato.[\/vc_toggle][vc_toggle title=&#8221;Il gas \u00e8 incluso?&#8221; el_id=&#8221;1457629903405-ea10c05d-bbf1&#8243;]Il gas \u00e8 sempre incluso nel prezzo di affitto. Chiediamo agli ospiti di utilizzare gli elettrodomestici e l&#8217;illuminazione in modo responsabile e rispettoso dell&#8217;ambiente.[\/vc_toggle][vc_toggle title=&#8221;L&#8217;acqua \u00e8 inclusa?&#8221; el_id=&#8221;1457629903806-1bdd8e50-4baa&#8221;]S\u00ec, l&#8217;acqua \u00e8 inclusa nel prezzo di affitto. Chiediamo agli ospiti di utilizzare l&#8217;acqua in modo responsabile e rispettoso dell&#8217;ambiente.[\/vc_toggle][vc_toggle title=&#8221;Il riscaldamento \u00e8 incluso?&#8221; el_id=&#8221;1457629903703-423a10ad-bc2a&#8221;]Salvo diversa indicazione, il riscaldamento \u00e8 incluso nel prezzo di affitto. Occasionalmente e per offerte speciali potremmo escludere il riscaldamento, in tal caso sar\u00e0 chiaramente indicato.[\/vc_toggle][vc_toggle title=&#8221;Le pulizie finali sono incluse?&#8221;]Le pulizie finali sono sempre incluse.[\/vc_toggle][vc_toggle title=&#8221;Posso richiedere una pulizia aggiuntiva?&#8221;]S\u00ec, \u00e8 possibile richiedere pulizie aggiuntive (con extra-prezzo), con o senza cambio lenzuola e asciugamani.[\/vc_toggle][vc_toggle title=&#8221;Le lenzuola e gli asciugamani sono forniti?&#8221;]S\u00ec. All&#8217;arrivo troverete tutti i letti composti, teli da bagno e teli piscina per tutto il vostro gruppo. Verranno sostituiti ogni 4 giorni durante le pulizie intermedie.[\/vc_toggle][vc_toggle title=&#8221;Ogni quanto vengono cambiate lenzuola e asciugamani?&#8221; el_id=&#8221;1457629903502-a0ca9a93-e098&#8243;]Lenzuola e asciugamani vengono sostituiti ogni 4 giorni.[\/vc_toggle][vc_toggle title=&#8221;C&#8217;\u00e8 la lavatrice?&#8221;]S\u00ec, tutte le nostre ville sono dotate di lavatrice.[\/vc_toggle][vc_toggle title=&#8221;C&#8217;\u00e8 un ferro e un asse da stiro?&#8221;]La stragrande maggioranza delle nostre ville hanno un ferro e asse da stiro disponibili presso la villa. Tuttavia, nel caso in cui abbiate bisogno di un ferro e asse da stiro, fatecelo sapere e li organizzeremo gratuitamente.[\/vc_toggle][vc_toggle title=&#8221;C&#8217;\u00e8 Internet?&#8221;]Tutte le nostre ville dispongono di connessione internet Wi-fi gratuita per gli ospiti. Poich\u00e9 la maggior parte delle ville si trova in aree isolate, la velocit\u00e0 di Internet pu\u00f2 essere pi\u00f9 lenta di quella che ci aspettiamo nelle citt\u00e0 e nei paesi.[\/vc_toggle][vc_toggle title=&#8221;Con quale frequenza la mia villa verr\u00e0 pulita durante il mio soggiorno?&#8221;]Tutte le nostre ville sono pulite ogni 4 giorni, in media due volte a settimana.[\/vc_toggle][vc_separator color=&#8221;custom&#8221; style=&#8221;dotted&#8221; accent_color=&#8221;#d8dce1&#8243; css=&#8221;.vc_custom_1540486621384{margin-top: 40px !important;}&#8221;][\/vc_column][\/vc_row][vc_row][vc_column][vc_column_text]<\/p>\n<div class=\"_1rlifxji\">\n<div class=\"_12ei9u44\">\n<h1 class=\"_tpbrp\" tabindex=\"-1\"><span style=\"color: #05bfc6;\">Check-in &amp; check-out<\/span><\/h1>\n<\/div>\n<\/div>\n<p>[\/vc_column_text][vc_toggle title=&#8221;Come trover\u00f2 la mia villa per le vacanze?&#8221;]Prima di partire vi forniremo le indicazioni dettagliate su come raggiungere la vostra villa. Questo includer\u00e0 le coordinate GPS che puoi impostare sul tuo smartphone o sistema GPS per raggiungere l&#8217;ingresso senza problemi.[\/vc_toggle][vc_toggle title=&#8221;Chi incontrer\u00f2 all&#8217;arrivo?&#8221;]Al vostro arrivo, sarete sempre accolti dal vostro Guest Angel. Lui \/ ei \u00e8 la stessa persona che si metter\u00e0 in contatto con voi almeno due giorni prima del vostro arrivo. Lui \/ lei vi dar\u00e0 una rapida introduzione alla casa e vi assister\u00e0 con qualsiasi necessit\u00e0 o problema che potreste avere durante il vostro soggiorno.[\/vc_toggle][vc_toggle title=&#8221;Quando posso effettuare il check-in?&#8221;]A seconda della villa, il check-in \u00e8 possibile dalle 16:00 o dalle 17:00 del primo giorno di soggiorno. L&#8217;orario esatto del check-in \u00e8 indicato nella pagina della villa. Vi chiediamo gentilmente di fornire i dettagli del vostro volo in modo che possiamo assicurarci che qualcuno sar\u00e0 alla villa per darvi il benvenuto in un momento concordato. In caso di ritardo il giorno dell&#8217;arrivo, si prega di avvisare il Guest Angel che sar\u00e0 gi\u00e0 stato in contatto con voi per alcuni giorni.[\/vc_toggle][vc_toggle title=&#8221;Cosa succede se il mio volo \u00e8 in ritardo?&#8221;]Basta informare il tuo Guest Angel. Lui \/ lei ti aiuter\u00e0 con le compagnie di autonoleggio o con i trasferimenti come richiesto.[\/vc_toggle][vc_toggle title=&#8221;Quando devo effettuare il check-out?&#8221;]Il check-out standard \u00e8 entro le 10.00. Generalmente non \u00e8 possibile effettuare il check-out dopo tale orario per consentire le normali attivit\u00e0 di pulizia finale. Se non ci sono altri ospiti in arrivo lo stesso giorno, potrebbe essere possibile prolungare l&#8217;orario di check-out di un paio d&#8217;ore, ma questo deve essere controllato e confermato da noi caso per caso.[\/vc_toggle][vc_toggle title=&#8221;Arrivo tardi o sar\u00f2 stanco all&#8217;arrivo. Cosa posso mangiare?&#8221;]In tutte le nostre ville troverete un &#8220;Welcome Pack&#8221; con una selezione di prodotti locali. Tuttavia, questo non \u00e8 adatto per un pasto o per la colazione. Se arrivi tardi o domenica pomeriggio, ti consigliamo di prenotare il nostro pacchetto \u2018Essential Grocery Package\u2019. Con il nostro Essential Grocery troverai una selezione di cibi ed elementi essenziali. \u00c8 adatto a 6\/8 persone e comprende tutti i condimenti essenziali, il necessario per preparare un ottimo piatto di pasta, tutto il necessario per la colazione, e prodotti come carta igienica, tovaglioli e sapone per i piatti.[\/vc_toggle][vc_toggle title=&#8221;Quanti mazzi di chiavi ricever\u00f2?&#8221;]Questo dipende dalle dimensioni della casa e dal numero di persone nel tuo gruppo. Generalmente riceverai un mazzo di chiavi ogni 5 persone.[\/vc_toggle][vc_separator color=&#8221;custom&#8221; style=&#8221;dotted&#8221; accent_color=&#8221;#d8dce1&#8243; css=&#8221;.vc_custom_1540486621384{margin-top: 40px !important;}&#8221;][\/vc_column][\/vc_row][vc_row][vc_column][vc_column_text]<\/p>\n<div class=\"_1rlifxji\">\n<div class=\"_12ei9u44\">\n<h1 class=\"_tpbrp\" tabindex=\"-1\"><span style=\"color: #05bfc6;\">Extra<\/span><\/h1>\n<\/div>\n<\/div>\n<p>[\/vc_column_text][vc_toggle title=&#8221;Quali extra puoi fornire?&#8221;]Siamo un tour operator e possiamo fornirti molti servizi aggiuntivi ed esperienze per arricchire le tue vacanze.[\/vc_toggle][vc_toggle title=&#8221;Quando devo prenotare gli extra?&#8221;]\u00c8 possibile prenotare extra al momento della prenotazione della villa, prima del nostro arrivo o anche durante il vostro soggiorno. Alcuni servizi ed esperienze sono soggetti a disponibilit\u00e0, quindi prima li prenoti, meglio \u00e8.[\/vc_toggle][vc_toggle title=&#8221;Come potete aiutarmi con gli extra?&#8221;]Il tuo Guest Angel ti aiuter\u00e0 a scegliere e organizzare eventuali servizi ed esperienze aggiuntive. Sei in buone mani.<\/p>\n<p>[\/vc_toggle][vc_separator color=&#8221;custom&#8221; style=&#8221;dotted&#8221; accent_color=&#8221;#d8dce1&#8243; css=&#8221;.vc_custom_1540486621384{margin-top: 40px !important;}&#8221;][\/vc_column][\/vc_row][vc_row][\/vc_row][vc_column][\/vc_column][vc_column_text]<\/p>\n<p>I am text block. Click edit button to change this text. Lorem ipsum dolor sit amet, consectetur adipiscing elit. Ut elit tellus, luctus nec ullamcorper mattis, pulvinar dapibus leo.<\/p>\n<p>[\/vc_column_text]<\/p>\n","protected":false},"excerpt":{"rendered":"<p>[vc_row][vc_column][vc_column_text]Qui puoi trovare le risposte alle domande pi\u00f9 frequenti. Per qualsiasi dubbio non esitare a contattarci. Saremo felici di rispondere a qualsiasi tua domanda.[\/vc_column_text][vc_separator color=&#8221;custom&#8221; accent_color=&#8221;#d8dce1&#8243;][\/vc_column][\/vc_row][vc_row][vc_column][vc_column_text] La scelta della tua villa [\/vc_column_text][vc_toggle title=&#8221;Chi pu\u00f2 fornirmi informazioni sulle ville a cui sono interessato?&#8221; el_id=&#8221;1457564614680-0f2cb9e8-eaaf&#8221;] Contattaci e ti aiuteremo a scegliere la villa pi\u00f9 adatta per le [&hellip;]<\/p>\n","protected":false},"author":5,"featured_media":0,"parent":0,"menu_order":0,"comment_status":"closed","ping_status":"closed","template":"","meta":[],"yoast_head":"<!-- This site is optimized with the Yoast SEO plugin v20.8 - https:\/\/yoast.com\/wordpress\/plugins\/seo\/ -->\n<title>Domande Frequenti - Puglia Paradise<\/title>\n<meta name=\"robots\" content=\"noindex, follow, max-snippet:-1, max-image-preview:large, max-video-preview:-1\" \/>\n<meta property=\"og:locale\" content=\"it_IT\" \/>\n<meta property=\"og:type\" content=\"article\" \/>\n<meta property=\"og:title\" content=\"Domande Frequenti - Puglia Paradise\" \/>\n<meta property=\"og:description\" content=\"[vc_row][vc_column][vc_column_text]Qui puoi trovare le risposte alle domande pi\u00f9 frequenti. Per qualsiasi dubbio non esitare a contattarci. Saremo felici di rispondere a qualsiasi tua domanda.[\/vc_column_text][vc_separator color=&#8221;custom&#8221; accent_color=&#8221;#d8dce1&#8243;][\/vc_column][\/vc_row][vc_row][vc_column][vc_column_text] La scelta della tua villa [\/vc_column_text][vc_toggle title=&#8221;Chi pu\u00f2 fornirmi informazioni sulle ville a cui sono interessato?&#8221; el_id=&#8221;1457564614680-0f2cb9e8-eaaf&#8221;] Contattaci e ti aiuteremo a scegliere la villa pi\u00f9 adatta per le [&hellip;]\" \/>\n<meta property=\"og:url\" content=\"https:\/\/old.pugliaparadise.com\/it\/domande-frequenti\/\" \/>\n<meta property=\"og:site_name\" content=\"Puglia Paradise\" \/>\n<meta property=\"article:modified_time\" content=\"2022-12-13T19:45:54+00:00\" \/>\n<meta name=\"twitter:card\" content=\"summary_large_image\" \/>\n<meta name=\"twitter:label1\" content=\"Tempo di lettura stimato\" \/>\n\t<meta name=\"twitter:data1\" content=\"7 minuti\" \/>\n<script type=\"application\/ld+json\" class=\"yoast-schema-graph\">{\"@context\":\"https:\/\/schema.org\",\"@graph\":[{\"@type\":\"WebPage\",\"@id\":\"https:\/\/old.pugliaparadise.com\/it\/domande-frequenti\/\",\"url\":\"https:\/\/old.pugliaparadise.com\/it\/domande-frequenti\/\",\"name\":\"Domande Frequenti - Puglia Paradise\",\"isPartOf\":{\"@id\":\"https:\/\/old.pugliaparadise.com\/it\/#website\"},\"datePublished\":\"2020-03-16T15:36:54+00:00\",\"dateModified\":\"2022-12-13T19:45:54+00:00\",\"breadcrumb\":{\"@id\":\"https:\/\/old.pugliaparadise.com\/it\/domande-frequenti\/#breadcrumb\"},\"inLanguage\":\"it-IT\",\"potentialAction\":[{\"@type\":\"ReadAction\",\"target\":[\"https:\/\/old.pugliaparadise.com\/it\/domande-frequenti\/\"]}]},{\"@type\":\"BreadcrumbList\",\"@id\":\"https:\/\/old.pugliaparadise.com\/it\/domande-frequenti\/#breadcrumb\",\"itemListElement\":[{\"@type\":\"ListItem\",\"position\":1,\"name\":\"Home\",\"item\":\"https:\/\/old.pugliaparadise.com\/it\/\"},{\"@type\":\"ListItem\",\"position\":2,\"name\":\"Domande Frequenti\"}]},{\"@type\":\"WebSite\",\"@id\":\"https:\/\/old.pugliaparadise.com\/it\/#website\",\"url\":\"https:\/\/old.pugliaparadise.com\/it\/\",\"name\":\"Puglia Paradise\",\"description\":\"Villa life in Italy at its best\",\"publisher\":{\"@id\":\"https:\/\/old.pugliaparadise.com\/it\/#organization\"},\"potentialAction\":[{\"@type\":\"SearchAction\",\"target\":{\"@type\":\"EntryPoint\",\"urlTemplate\":\"https:\/\/old.pugliaparadise.com\/it\/?s={search_term_string}\"},\"query-input\":\"required name=search_term_string\"}],\"inLanguage\":\"it-IT\"},{\"@type\":\"Organization\",\"@id\":\"https:\/\/old.pugliaparadise.com\/it\/#organization\",\"name\":\"Puglia Paradise\",\"url\":\"https:\/\/old.pugliaparadise.com\/it\/\",\"logo\":{\"@type\":\"ImageObject\",\"inLanguage\":\"it-IT\",\"@id\":\"https:\/\/old.pugliaparadise.com\/it\/#\/schema\/logo\/image\/\",\"url\":\"https:\/\/old.pugliaparadise.com\/wp-content\/uploads\/2019\/09\/Logo-Puglia-Paradise-02.png\",\"contentUrl\":\"https:\/\/old.pugliaparadise.com\/wp-content\/uploads\/2019\/09\/Logo-Puglia-Paradise-02.png\",\"width\":1920,\"height\":311,\"caption\":\"Puglia Paradise\"},\"image\":{\"@id\":\"https:\/\/old.pugliaparadise.com\/it\/#\/schema\/logo\/image\/\"}}]}<\/script>\n<!-- \/ Yoast SEO plugin. -->","yoast_head_json":{"title":"Domande Frequenti - Puglia Paradise","robots":{"index":"noindex","follow":"follow","max-snippet":"max-snippet:-1","max-image-preview":"max-image-preview:large","max-video-preview":"max-video-preview:-1"},"og_locale":"it_IT","og_type":"article","og_title":"Domande Frequenti - Puglia Paradise","og_description":"[vc_row][vc_column][vc_column_text]Qui puoi trovare le risposte alle domande pi\u00f9 frequenti. Per qualsiasi dubbio non esitare a contattarci. Saremo felici di rispondere a qualsiasi tua domanda.[\/vc_column_text][vc_separator color=&#8221;custom&#8221; accent_color=&#8221;#d8dce1&#8243;][\/vc_column][\/vc_row][vc_row][vc_column][vc_column_text] La scelta della tua villa [\/vc_column_text][vc_toggle title=&#8221;Chi pu\u00f2 fornirmi informazioni sulle ville a cui sono interessato?&#8221; el_id=&#8221;1457564614680-0f2cb9e8-eaaf&#8221;] Contattaci e ti aiuteremo a scegliere la villa pi\u00f9 adatta per le [&hellip;]","og_url":"https:\/\/old.pugliaparadise.com\/it\/domande-frequenti\/","og_site_name":"Puglia Paradise","article_modified_time":"2022-12-13T19:45:54+00:00","twitter_card":"summary_large_image","twitter_misc":{"Tempo di lettura stimato":"7 minuti"},"schema":{"@context":"https:\/\/schema.org","@graph":[{"@type":"WebPage","@id":"https:\/\/old.pugliaparadise.com\/it\/domande-frequenti\/","url":"https:\/\/old.pugliaparadise.com\/it\/domande-frequenti\/","name":"Domande Frequenti - Puglia Paradise","isPartOf":{"@id":"https:\/\/old.pugliaparadise.com\/it\/#website"},"datePublished":"2020-03-16T15:36:54+00:00","dateModified":"2022-12-13T19:45:54+00:00","breadcrumb":{"@id":"https:\/\/old.pugliaparadise.com\/it\/domande-frequenti\/#breadcrumb"},"inLanguage":"it-IT","potentialAction":[{"@type":"ReadAction","target":["https:\/\/old.pugliaparadise.com\/it\/domande-frequenti\/"]}]},{"@type":"BreadcrumbList","@id":"https:\/\/old.pugliaparadise.com\/it\/domande-frequenti\/#breadcrumb","itemListElement":[{"@type":"ListItem","position":1,"name":"Home","item":"https:\/\/old.pugliaparadise.com\/it\/"},{"@type":"ListItem","position":2,"name":"Domande Frequenti"}]},{"@type":"WebSite","@id":"https:\/\/old.pugliaparadise.com\/it\/#website","url":"https:\/\/old.pugliaparadise.com\/it\/","name":"Puglia Paradise","description":"Villa life in Italy at its best","publisher":{"@id":"https:\/\/old.pugliaparadise.com\/it\/#organization"},"potentialAction":[{"@type":"SearchAction","target":{"@type":"EntryPoint","urlTemplate":"https:\/\/old.pugliaparadise.com\/it\/?s={search_term_string}"},"query-input":"required name=search_term_string"}],"inLanguage":"it-IT"},{"@type":"Organization","@id":"https:\/\/old.pugliaparadise.com\/it\/#organization","name":"Puglia Paradise","url":"https:\/\/old.pugliaparadise.com\/it\/","logo":{"@type":"ImageObject","inLanguage":"it-IT","@id":"https:\/\/old.pugliaparadise.com\/it\/#\/schema\/logo\/image\/","url":"https:\/\/old.pugliaparadise.com\/wp-content\/uploads\/2019\/09\/Logo-Puglia-Paradise-02.png","contentUrl":"https:\/\/old.pugliaparadise.com\/wp-content\/uploads\/2019\/09\/Logo-Puglia-Paradise-02.png","width":1920,"height":311,"caption":"Puglia Paradise"},"image":{"@id":"https:\/\/old.pugliaparadise.com\/it\/#\/schema\/logo\/image\/"}}]}},"_links":{"self":[{"href":"https:\/\/old.pugliaparadise.com\/it\/wp-json\/wp\/v2\/pages\/2022"}],"collection":[{"href":"https:\/\/old.pugliaparadise.com\/it\/wp-json\/wp\/v2\/pages"}],"about":[{"href":"https:\/\/old.pugliaparadise.com\/it\/wp-json\/wp\/v2\/types\/page"}],"author":[{"embeddable":true,"href":"https:\/\/old.pugliaparadise.com\/it\/wp-json\/wp\/v2\/users\/5"}],"replies":[{"embeddable":true,"href":"https:\/\/old.pugliaparadise.com\/it\/wp-json\/wp\/v2\/comments?post=2022"}],"version-history":[{"count":3,"href":"https:\/\/old.pugliaparadise.com\/it\/wp-json\/wp\/v2\/pages\/2022\/revisions"}],"predecessor-version":[{"id":6496,"href":"https:\/\/old.pugliaparadise.com\/it\/wp-json\/wp\/v2\/pages\/2022\/revisions\/6496"}],"wp:attachment":[{"href":"https:\/\/old.pugliaparadise.com\/it\/wp-json\/wp\/v2\/media?parent=2022"}],"curies":[{"name":"wp","href":"https:\/\/api.w.org\/{rel}","templated":true}]}}