{"id":2009,"date":"2020-03-16T16:43:43","date_gmt":"2020-03-16T15:43:43","guid":{"rendered":"https:\/\/old.pugliaparadise.com\/?page_id=2009"},"modified":"2020-03-19T07:49:33","modified_gmt":"2020-03-19T06:49:33","slug":"perche-scegliere-puglia-paradise","status":"publish","type":"page","link":"https:\/\/old.pugliaparadise.com\/it\/perche-scegliere-puglia-paradise\/","title":{"rendered":"Perch\u00e9 scegliere Puglia Paradise"},"content":{"rendered":"<p>[vc_row disable_element=&#8221;yes&#8221;][vc_column][vc_video link=&#8221;https:\/\/www.youtube.com\/watch?v=PyS0ToZ_aIA&#8221; css_animation=&#8221;fadeIn&#8221;][\/vc_column][\/vc_row][vc_row][vc_column][vc_column_text]<\/p>\n<div style=\"width: 1170px;\" class=\"wp-video\"><!--[if lt IE 9]><script>document.createElement('video');<\/script><![endif]-->\n<video class=\"wp-video-shortcode\" id=\"video-2009-1\" width=\"1170\" height=\"658\" preload=\"metadata\" controls=\"controls\"><source type=\"video\/mp4\" src=\"https:\/\/old.pugliaparadise.com\/wp-content\/uploads\/video\/Villas_in_Puglia_Paradise_why_choose_us.mp4?_=1\" \/><a href=\"https:\/\/old.pugliaparadise.com\/wp-content\/uploads\/video\/Villas_in_Puglia_Paradise_why_choose_us.mp4\">https:\/\/old.pugliaparadise.com\/wp-content\/uploads\/video\/Villas_in_Puglia_Paradise_why_choose_us.mp4<\/a><\/video><\/div>\n<p>[\/vc_column_text][\/vc_column][\/vc_row][vc_row][vc_column][vc_column_text]Gestiamo tutte le ville del nostro portfolio.<br \/>\nConosciamo ogni singolo dettaglio di ciascuna villa.<\/p>\n<p>Conosciamo dettagli come l\u2019altezza di ogni scala, le dimensioni di ogni porta, tutti gli utensili da cucina e la marca di ogni macchina da caff\u00e8.<\/p>\n<p>Non ci limitiamo soltanto ad affittare le nostre ville. Con l\u2019aiuto del nostro staff, siamo in grado di soddisfare tutte le tue esigenze.<\/p>\n<p>Preferisci che la piscina venga pulita al mattino presto oppure alla sera? Preferisci che la seconda pulizia venga eseguita in uno specifico momento?<\/p>\n<p>Possiamo soddisfare ogni tua richiesta.[\/vc_column_text]<div style=\"clear:both; width:100%; height:32px\"><\/div>[vc_column_text]<\/p>\n<h1 style=\"text-align: center;\"><span style=\"color: #05bfc6;\"><strong>Cosa garantiamo<\/strong><\/span><\/h1>\n<p>[\/vc_column_text]<div style=\"clear:both; width:100%; height:32px\"><\/div>[\/vc_column][\/vc_row][vc_row][vc_column width=&#8221;1\/3&#8243;][vc_column_text]<\/p>\n<p class=\"p1\"><span class=\"s1\"><img decoding=\"async\" class=\"aligncenter wp-image-252\" src=\"https:\/\/old.pugliaparadise.com\/wp-content\/uploads\/2019\/09\/ic-swimmingpool.png\" alt=\"\" width=\"100\" height=\"100\" srcset=\"https:\/\/old.pugliaparadise.com\/wp-content\/uploads\/2019\/09\/ic-swimmingpool.png 300w, https:\/\/old.pugliaparadise.com\/wp-content\/uploads\/2019\/09\/ic-swimmingpool-150x150.png 150w, https:\/\/old.pugliaparadise.com\/wp-content\/uploads\/2019\/09\/ic-swimmingpool-250x250.png 250w\" sizes=\"(max-width: 100px) 100vw, 100px\" \/><\/span><\/p>\n<h2 class=\"p1\" style=\"text-align: center;\"><strong>VILLE<br \/>\nESCLUSIVE<\/strong><\/h2>\n<p class=\"p1\" style=\"text-align: center;\">Selezioniamo attentamente le nostre ville e scegliamo solo le migliori per i nostri ospiti. Tutte le ville sono gestite dal nostro staff, questo ci permette di controllare ogni singolo dettaglio. Le nostre ville sono tutte diverse l&#8217;una dall&#8217;altra, ma tutte quante arredate con gusto e perfettamente manutenute.<\/p>\n<p>[\/vc_column_text][\/vc_column][vc_column width=&#8221;1\/3&#8243;][vc_column_text]<\/p>\n<p class=\"p1\"><span class=\"s1\"><img decoding=\"async\" class=\"aligncenter wp-image-295\" src=\"https:\/\/old.pugliaparadise.com\/wp-content\/uploads\/2019\/09\/ic-puglia.png\" alt=\"\" width=\"100\" height=\"100\" srcset=\"https:\/\/old.pugliaparadise.com\/wp-content\/uploads\/2019\/09\/ic-puglia.png 300w, https:\/\/old.pugliaparadise.com\/wp-content\/uploads\/2019\/09\/ic-puglia-150x150.png 150w, https:\/\/old.pugliaparadise.com\/wp-content\/uploads\/2019\/09\/ic-puglia-250x250.png 250w\" sizes=\"(max-width: 100px) 100vw, 100px\" \/><\/span><\/p>\n<h2 class=\"p1\" style=\"text-align: center;\"><strong>ECCEZIONALE CONOSCENZA DEL POSTO<\/strong><\/h2>\n<div class=\"wpb_text_column wpb_content_element \">\n<div class=\"wpb_wrapper\">\n<p style=\"text-align: center;\">Conosciamo bene tutte le meraviglie che pu\u00f2 offrire la Puglia. Il nostro team di experience specialist sar\u00e0 lieto di aiutarti con informazioni e suggerimenti sulle attivit\u00e0 da fare, dove mangiare, dove puoi sperimentare il vino e l&#8217;olio migliori, il momento della giornata ideale per visitare Alberobello, ecc.<\/p>\n<\/div>\n<\/div>\n<p>[\/vc_column_text][\/vc_column][vc_column width=&#8221;1\/3&#8243;][vc_column_text]<\/p>\n<p class=\"p1\"><img decoding=\"async\" class=\"aligncenter wp-image-294\" src=\"https:\/\/old.pugliaparadise.com\/wp-content\/uploads\/2019\/09\/ic-dishes.png\" alt=\"\" width=\"100\" height=\"100\" srcset=\"https:\/\/old.pugliaparadise.com\/wp-content\/uploads\/2019\/09\/ic-dishes.png 300w, https:\/\/old.pugliaparadise.com\/wp-content\/uploads\/2019\/09\/ic-dishes-150x150.png 150w, https:\/\/old.pugliaparadise.com\/wp-content\/uploads\/2019\/09\/ic-dishes-250x250.png 250w\" sizes=\"(max-width: 100px) 100vw, 100px\" \/><\/p>\n<h2 class=\"p1\" style=\"text-align: center;\"><strong>ASSISTENZA PERSONALE<br \/>\n24\/7<\/strong><\/h2>\n<p class=\"p1\" style=\"text-align: center;\">Passare le vacanze in una delle nostre ville significa che uno dei nostri assistenti personali sar\u00e0 a tua disposizione durante tutto il soggiorno fornendo tutti i consigli e l&#8217;assistenza di cui potresti aver bisogno. Hai bisogno di un dottore? Hai problemi con la tua auto a noleggio? Il tuo assistente personale ti aiuter\u00e0.<\/p>\n<p>[\/vc_column_text][\/vc_column][\/vc_row][vc_row][vc_column][vc_cta h2=&#8221;&#8221;]<\/p>\n<h1><span style=\"color: #05bfc6;\">Questa \u00e8 la mia promessa<\/span><\/h1>\n<p>Se prenoti una villa con Puglia Paradise troverai:<\/p>\n<ul>\n<li>una villa bellissima e perfettamente manutenuta<\/li>\n<li>eccezionale conoscenza del posto<\/li>\n<li>assistenza personale 24\/7<\/li>\n<\/ul>\n<p>[\/vc_cta][\/vc_column][\/vc_row][vc_row][vc_column][vc_column_text]<\/p>\n<h3 style=\"text-align: center;\">Migliore societ\u00e0 di affitto ville per vancanze in Puglia secondo TRUSPILOT<\/h3>\n<p>[\/vc_column_text][vc_single_image image=&#8221;2036&#8243; img_size=&#8221;medium&#8221; alignment=&#8221;center&#8221; onclick=&#8221;custom_link&#8221; img_link_target=&#8221;_blank&#8221; css_animation=&#8221;fadeIn&#8221; link=&#8221;https:\/\/www.trustpilot.com\/review\/www.pugliaparadise.com&#8221;][vc_empty_space][vc_btn title=&#8221;LEGGI LE NOSTRE RECENSIONI&#8221; style=&#8221;custom&#8221; custom_background=&#8221;#05c6bf&#8221; custom_text=&#8221;#ffffff&#8221; shape=&#8221;square&#8221; size=&#8221;lg&#8221; align=&#8221;center&#8221; css_animation=&#8221;appear&#8221; button_block=&#8221;true&#8221;][\/vc_column][\/vc_row]<\/p>\n","protected":false},"excerpt":{"rendered":"<p>[vc_row disable_element=&#8221;yes&#8221;][vc_column][vc_video link=&#8221;https:\/\/www.youtube.com\/watch?v=PyS0ToZ_aIA&#8221; css_animation=&#8221;fadeIn&#8221;][\/vc_column][\/vc_row][vc_row][vc_column][vc_column_text] [\/vc_column_text][\/vc_column][\/vc_row][vc_row][vc_column][vc_column_text]Gestiamo tutte le ville del nostro portfolio. Conosciamo ogni singolo dettaglio di ciascuna villa. Conosciamo dettagli come l\u2019altezza di ogni scala, le dimensioni di ogni porta, tutti gli utensili da cucina e la marca di ogni macchina da caff\u00e8. Non ci limitiamo soltanto ad affittare le nostre ville. Con l\u2019aiuto del [&hellip;]<\/p>\n","protected":false},"author":5,"featured_media":0,"parent":0,"menu_order":0,"comment_status":"closed","ping_status":"closed","template":"","meta":[],"yoast_head":"<!-- This site is optimized with the Yoast SEO plugin v20.8 - https:\/\/yoast.com\/wordpress\/plugins\/seo\/ -->\n<title>Perch\u00e9 scegliere Puglia Paradise - Puglia Paradise<\/title>\n<meta name=\"robots\" content=\"noindex, follow, max-snippet:-1, max-image-preview:large, max-video-preview:-1\" \/>\n<meta property=\"og:locale\" content=\"it_IT\" \/>\n<meta property=\"og:type\" content=\"article\" \/>\n<meta property=\"og:title\" content=\"Perch\u00e9 scegliere Puglia Paradise - Puglia Paradise\" \/>\n<meta property=\"og:description\" content=\"[vc_row disable_element=&#8221;yes&#8221;][vc_column][vc_video link=&#8221;https:\/\/www.youtube.com\/watch?v=PyS0ToZ_aIA&#8221; css_animation=&#8221;fadeIn&#8221;][\/vc_column][\/vc_row][vc_row][vc_column][vc_column_text] [\/vc_column_text][\/vc_column][\/vc_row][vc_row][vc_column][vc_column_text]Gestiamo tutte le ville del nostro portfolio. Conosciamo ogni singolo dettaglio di ciascuna villa. Conosciamo dettagli come l\u2019altezza di ogni scala, le dimensioni di ogni porta, tutti gli utensili da cucina e la marca di ogni macchina da caff\u00e8. Non ci limitiamo soltanto ad affittare le nostre ville. Con l\u2019aiuto del [&hellip;]\" \/>\n<meta property=\"og:url\" content=\"https:\/\/old.pugliaparadise.com\/it\/perche-scegliere-puglia-paradise\/\" \/>\n<meta property=\"og:site_name\" content=\"Puglia Paradise\" \/>\n<meta property=\"article:modified_time\" content=\"2020-03-19T06:49:33+00:00\" \/>\n<meta property=\"og:image\" content=\"https:\/\/old.pugliaparadise.com\/wp-content\/uploads\/2019\/09\/ic-swimmingpool.png\" \/>\n<meta name=\"twitter:card\" content=\"summary_large_image\" \/>\n<meta name=\"twitter:label1\" content=\"Tempo di lettura stimato\" \/>\n\t<meta name=\"twitter:data1\" content=\"2 minuti\" \/>\n<script type=\"application\/ld+json\" class=\"yoast-schema-graph\">{\"@context\":\"https:\/\/schema.org\",\"@graph\":[{\"@type\":\"WebPage\",\"@id\":\"https:\/\/old.pugliaparadise.com\/it\/perche-scegliere-puglia-paradise\/\",\"url\":\"https:\/\/old.pugliaparadise.com\/it\/perche-scegliere-puglia-paradise\/\",\"name\":\"Perch\u00e9 scegliere Puglia Paradise - Puglia Paradise\",\"isPartOf\":{\"@id\":\"https:\/\/old.pugliaparadise.com\/it\/#website\"},\"datePublished\":\"2020-03-16T15:43:43+00:00\",\"dateModified\":\"2020-03-19T06:49:33+00:00\",\"breadcrumb\":{\"@id\":\"https:\/\/old.pugliaparadise.com\/it\/perche-scegliere-puglia-paradise\/#breadcrumb\"},\"inLanguage\":\"it-IT\",\"potentialAction\":[{\"@type\":\"ReadAction\",\"target\":[\"https:\/\/old.pugliaparadise.com\/it\/perche-scegliere-puglia-paradise\/\"]}]},{\"@type\":\"BreadcrumbList\",\"@id\":\"https:\/\/old.pugliaparadise.com\/it\/perche-scegliere-puglia-paradise\/#breadcrumb\",\"itemListElement\":[{\"@type\":\"ListItem\",\"position\":1,\"name\":\"Home\",\"item\":\"https:\/\/old.pugliaparadise.com\/it\/\"},{\"@type\":\"ListItem\",\"position\":2,\"name\":\"Perch\u00e9 scegliere Puglia Paradise\"}]},{\"@type\":\"WebSite\",\"@id\":\"https:\/\/old.pugliaparadise.com\/it\/#website\",\"url\":\"https:\/\/old.pugliaparadise.com\/it\/\",\"name\":\"Puglia Paradise\",\"description\":\"Villa life in Italy at its best\",\"publisher\":{\"@id\":\"https:\/\/old.pugliaparadise.com\/it\/#organization\"},\"potentialAction\":[{\"@type\":\"SearchAction\",\"target\":{\"@type\":\"EntryPoint\",\"urlTemplate\":\"https:\/\/old.pugliaparadise.com\/it\/?s={search_term_string}\"},\"query-input\":\"required name=search_term_string\"}],\"inLanguage\":\"it-IT\"},{\"@type\":\"Organization\",\"@id\":\"https:\/\/old.pugliaparadise.com\/it\/#organization\",\"name\":\"Puglia Paradise\",\"url\":\"https:\/\/old.pugliaparadise.com\/it\/\",\"logo\":{\"@type\":\"ImageObject\",\"inLanguage\":\"it-IT\",\"@id\":\"https:\/\/old.pugliaparadise.com\/it\/#\/schema\/logo\/image\/\",\"url\":\"https:\/\/old.pugliaparadise.com\/wp-content\/uploads\/2019\/09\/Logo-Puglia-Paradise-02.png\",\"contentUrl\":\"https:\/\/old.pugliaparadise.com\/wp-content\/uploads\/2019\/09\/Logo-Puglia-Paradise-02.png\",\"width\":1920,\"height\":311,\"caption\":\"Puglia Paradise\"},\"image\":{\"@id\":\"https:\/\/old.pugliaparadise.com\/it\/#\/schema\/logo\/image\/\"}}]}<\/script>\n<!-- \/ Yoast SEO plugin. -->","yoast_head_json":{"title":"Perch\u00e9 scegliere Puglia Paradise - Puglia Paradise","robots":{"index":"noindex","follow":"follow","max-snippet":"max-snippet:-1","max-image-preview":"max-image-preview:large","max-video-preview":"max-video-preview:-1"},"og_locale":"it_IT","og_type":"article","og_title":"Perch\u00e9 scegliere Puglia Paradise - Puglia Paradise","og_description":"[vc_row disable_element=&#8221;yes&#8221;][vc_column][vc_video link=&#8221;https:\/\/www.youtube.com\/watch?v=PyS0ToZ_aIA&#8221; css_animation=&#8221;fadeIn&#8221;][\/vc_column][\/vc_row][vc_row][vc_column][vc_column_text] [\/vc_column_text][\/vc_column][\/vc_row][vc_row][vc_column][vc_column_text]Gestiamo tutte le ville del nostro portfolio. Conosciamo ogni singolo dettaglio di ciascuna villa. Conosciamo dettagli come l\u2019altezza di ogni scala, le dimensioni di ogni porta, tutti gli utensili da cucina e la marca di ogni macchina da caff\u00e8. Non ci limitiamo soltanto ad affittare le nostre ville. Con l\u2019aiuto del [&hellip;]","og_url":"https:\/\/old.pugliaparadise.com\/it\/perche-scegliere-puglia-paradise\/","og_site_name":"Puglia Paradise","article_modified_time":"2020-03-19T06:49:33+00:00","og_image":[{"url":"https:\/\/old.pugliaparadise.com\/wp-content\/uploads\/2019\/09\/ic-swimmingpool.png"}],"twitter_card":"summary_large_image","twitter_misc":{"Tempo di lettura stimato":"2 minuti"},"schema":{"@context":"https:\/\/schema.org","@graph":[{"@type":"WebPage","@id":"https:\/\/old.pugliaparadise.com\/it\/perche-scegliere-puglia-paradise\/","url":"https:\/\/old.pugliaparadise.com\/it\/perche-scegliere-puglia-paradise\/","name":"Perch\u00e9 scegliere Puglia Paradise - Puglia Paradise","isPartOf":{"@id":"https:\/\/old.pugliaparadise.com\/it\/#website"},"datePublished":"2020-03-16T15:43:43+00:00","dateModified":"2020-03-19T06:49:33+00:00","breadcrumb":{"@id":"https:\/\/old.pugliaparadise.com\/it\/perche-scegliere-puglia-paradise\/#breadcrumb"},"inLanguage":"it-IT","potentialAction":[{"@type":"ReadAction","target":["https:\/\/old.pugliaparadise.com\/it\/perche-scegliere-puglia-paradise\/"]}]},{"@type":"BreadcrumbList","@id":"https:\/\/old.pugliaparadise.com\/it\/perche-scegliere-puglia-paradise\/#breadcrumb","itemListElement":[{"@type":"ListItem","position":1,"name":"Home","item":"https:\/\/old.pugliaparadise.com\/it\/"},{"@type":"ListItem","position":2,"name":"Perch\u00e9 scegliere Puglia Paradise"}]},{"@type":"WebSite","@id":"https:\/\/old.pugliaparadise.com\/it\/#website","url":"https:\/\/old.pugliaparadise.com\/it\/","name":"Puglia Paradise","description":"Villa life in Italy at its best","publisher":{"@id":"https:\/\/old.pugliaparadise.com\/it\/#organization"},"potentialAction":[{"@type":"SearchAction","target":{"@type":"EntryPoint","urlTemplate":"https:\/\/old.pugliaparadise.com\/it\/?s={search_term_string}"},"query-input":"required name=search_term_string"}],"inLanguage":"it-IT"},{"@type":"Organization","@id":"https:\/\/old.pugliaparadise.com\/it\/#organization","name":"Puglia Paradise","url":"https:\/\/old.pugliaparadise.com\/it\/","logo":{"@type":"ImageObject","inLanguage":"it-IT","@id":"https:\/\/old.pugliaparadise.com\/it\/#\/schema\/logo\/image\/","url":"https:\/\/old.pugliaparadise.com\/wp-content\/uploads\/2019\/09\/Logo-Puglia-Paradise-02.png","contentUrl":"https:\/\/old.pugliaparadise.com\/wp-content\/uploads\/2019\/09\/Logo-Puglia-Paradise-02.png","width":1920,"height":311,"caption":"Puglia Paradise"},"image":{"@id":"https:\/\/old.pugliaparadise.com\/it\/#\/schema\/logo\/image\/"}}]}},"_links":{"self":[{"href":"https:\/\/old.pugliaparadise.com\/it\/wp-json\/wp\/v2\/pages\/2009"}],"collection":[{"href":"https:\/\/old.pugliaparadise.com\/it\/wp-json\/wp\/v2\/pages"}],"about":[{"href":"https:\/\/old.pugliaparadise.com\/it\/wp-json\/wp\/v2\/types\/page"}],"author":[{"embeddable":true,"href":"https:\/\/old.pugliaparadise.com\/it\/wp-json\/wp\/v2\/users\/5"}],"replies":[{"embeddable":true,"href":"https:\/\/old.pugliaparadise.com\/it\/wp-json\/wp\/v2\/comments?post=2009"}],"version-history":[{"count":0,"href":"https:\/\/old.pugliaparadise.com\/it\/wp-json\/wp\/v2\/pages\/2009\/revisions"}],"wp:attachment":[{"href":"https:\/\/old.pugliaparadise.com\/it\/wp-json\/wp\/v2\/media?parent=2009"}],"curies":[{"name":"wp","href":"https:\/\/api.w.org\/{rel}","templated":true}]}}