{"id":1987,"date":"2020-03-16T16:35:32","date_gmt":"2020-03-16T15:35:32","guid":{"rendered":"https:\/\/old.pugliaparadise.com\/?page_id=1987"},"modified":"2022-12-13T16:09:20","modified_gmt":"2022-12-13T15:09:20","slug":"come-prenotare","status":"publish","type":"page","link":"https:\/\/old.pugliaparadise.com\/it\/come-prenotare\/","title":{"rendered":"Come prenotare"},"content":{"rendered":"<p>[vc_row][vc_column][vc_column_text]Prenotare la tua villa con Puglia Paradise \u00e8 molto semplice.<\/p>\n<p>\u00c8 possibile prenotare sia on-line che off-line.<\/p>\n<p>&nbsp;<\/p>\n<h1><span style=\"color: #05c6bf;\">ONLINE<\/span><\/h1>\n<p>Visita <a href=\"http:\/\/book.pugliaparadise.com\/\">book.pugliaparadise.com<\/a>. Seleziona le date di arrivo e partenza ed il numero di ospiti. Quindi fare clic su &#8220;Cerca&#8221;. Automaticamente restituir\u00e0 l&#8217;elenco delle ville disponibili con i loro prezzi totali.<\/p>\n<p>&nbsp;<\/p>\n<p>Quindi, visita la pagina della villa facendo clic sul suo nome o sulla foto. Nella pagina della villa, troverete tutti i dettagli come descrizione, servizi, posizione gps, recensioni degli ospiti e video.<\/p>\n<p>Se si desidera prenotare una villa, semplicemente cliccare il pulsante &#8220;Prenota&#8221; sulla pagina della villa. Dalla pagina della villa, puoi anche modificare le date e il numero di ospiti per ottenere il prezzo aggiornato. Si prega di considerare che il prezzo si riferisce alla capacit\u00e0 massima della villa e non varia da una persona alla capacit\u00e0 massima.<\/p>\n<p>Seguire i passaggi di prenotazione essendo abbastanza intuitivi. Nella seconda fase, puoi scegliere di aggiungere eventuali servizi extra o esperienze per arricchire le tue vacanze. Quindi procedere con il pulsante &#8220;Continua&#8221;.<\/p>\n<p>E\u2019 necessario poi inserire i dettagli e pagare con carta di credito. Il pagamento \u00e8 gestito da Stripe Payments che garantisce i pi\u00f9 alti standard di sicurezza. I dati della carta di credito non vengono condivisi con noi o con nessun altro.<\/p>\n<p>La conferma della prenotazione viene generata automaticamente e inviata via mail.<\/p>\n<p>&nbsp;<\/p>\n<h1><span style=\"color: #05c6bf;\">OFFLINE<\/span><\/h1>\n<p>Basta mettersi in contatto con noi e faremo in modo che tu possa scegliere la villa pi\u00f9 adatta alle tue esigenze e preferenze. Quindi, ti forniremo un&#8217;offerta dettagliata per una o pi\u00f9 ville che potrebbero essere adatte a te. L&#8217;offerta sar\u00e0 inviata con un link che potrai anche condividere con i tuoi amici.<\/p>\n<p>Per confermare la prenotazione \u00e8 sufficiente fornirci una conferma scritta e le tue preferenze sul pagamento della prenotazione. Una volta ricevuto il pagamento della prenotazione, ti forniremo la nostra conferma ufficiale. La prenotazione \u00e8 ufficialmente confermata solo dopo aver ricevuto il pagamento della stessa.<\/p>\n<p>&nbsp;<\/p>\n<p>&nbsp;<\/p>\n<h1><span style=\"color: #05c6bf;\">COSA ACCADE DOPO?<\/span><\/h1>\n<p>Una volta effettuata la prenotazione, sia on-line che off-line, i nostri specialisti delle esperienze possono assistervi con qualsiasi informazione o suggerimento di cui potreste aver bisogno per organizzare la vostra vacanza. Possono aiutarti con noleggio auto, trasferimenti e qualsiasi altro servizio aggiuntivo ed esperienze. Fateci sapere se avete bisogno di aiuto su questo.<\/p>\n<p>Quattro settimane prima del vostro arrivo ci metteremo in contatto con voi con i dettagli del pagamento del saldo.<\/p>\n<p>Due settimane prima del vostro arrivo ci metteremo in contatto con voi con i dettagli dell&#8217;incontro.<\/p>\n<p>[\/vc_column_text]<div style=\"clear:both; width:100%; height:32px\"><\/div>[vc_btn title=&#8221;VISITA LE NOSTRE VILLE&#8221; style=&#8221;custom&#8221; custom_background=&#8221;#05c6bf&#8221; custom_text=&#8221;#ffffff&#8221; shape=&#8221;square&#8221; size=&#8221;lg&#8221; align=&#8221;center&#8221; css_animation=&#8221;appear&#8221; button_block=&#8221;true&#8221;][\/vc_column][\/vc_row]<\/p>\n","protected":false},"excerpt":{"rendered":"<p>[vc_row][vc_column][vc_column_text]Prenotare la tua villa con Puglia Paradise \u00e8 molto semplice. \u00c8 possibile prenotare sia on-line che off-line. &nbsp; ONLINE Visita book.pugliaparadise.com. Seleziona le date di arrivo e partenza ed il numero di ospiti. Quindi fare clic su &#8220;Cerca&#8221;. Automaticamente restituir\u00e0 l&#8217;elenco delle ville disponibili con i loro prezzi totali. &nbsp; Quindi, visita la pagina della [&hellip;]<\/p>\n","protected":false},"author":5,"featured_media":0,"parent":0,"menu_order":0,"comment_status":"closed","ping_status":"closed","template":"","meta":[],"yoast_head":"<!-- This site is optimized with the Yoast SEO plugin v20.8 - https:\/\/yoast.com\/wordpress\/plugins\/seo\/ -->\n<title>Come prenotare - Puglia Paradise<\/title>\n<meta name=\"robots\" content=\"noindex, follow, max-snippet:-1, max-image-preview:large, max-video-preview:-1\" \/>\n<meta property=\"og:locale\" content=\"it_IT\" \/>\n<meta property=\"og:type\" content=\"article\" \/>\n<meta property=\"og:title\" content=\"Come prenotare - Puglia Paradise\" \/>\n<meta property=\"og:description\" content=\"[vc_row][vc_column][vc_column_text]Prenotare la tua villa con Puglia Paradise \u00e8 molto semplice. \u00c8 possibile prenotare sia on-line che off-line. &nbsp; ONLINE Visita book.pugliaparadise.com. Seleziona le date di arrivo e partenza ed il numero di ospiti. Quindi fare clic su &#8220;Cerca&#8221;. Automaticamente restituir\u00e0 l&#8217;elenco delle ville disponibili con i loro prezzi totali. &nbsp; Quindi, visita la pagina della [&hellip;]\" \/>\n<meta property=\"og:url\" content=\"https:\/\/old.pugliaparadise.com\/it\/come-prenotare\/\" \/>\n<meta property=\"og:site_name\" content=\"Puglia Paradise\" \/>\n<meta property=\"article:modified_time\" content=\"2022-12-13T15:09:20+00:00\" \/>\n<meta name=\"twitter:card\" content=\"summary_large_image\" \/>\n<meta name=\"twitter:label1\" content=\"Tempo di lettura stimato\" \/>\n\t<meta name=\"twitter:data1\" content=\"2 minuti\" \/>\n<script type=\"application\/ld+json\" class=\"yoast-schema-graph\">{\"@context\":\"https:\/\/schema.org\",\"@graph\":[{\"@type\":\"WebPage\",\"@id\":\"https:\/\/old.pugliaparadise.com\/it\/come-prenotare\/\",\"url\":\"https:\/\/old.pugliaparadise.com\/it\/come-prenotare\/\",\"name\":\"Come prenotare - Puglia Paradise\",\"isPartOf\":{\"@id\":\"https:\/\/old.pugliaparadise.com\/it\/#website\"},\"datePublished\":\"2020-03-16T15:35:32+00:00\",\"dateModified\":\"2022-12-13T15:09:20+00:00\",\"breadcrumb\":{\"@id\":\"https:\/\/old.pugliaparadise.com\/it\/come-prenotare\/#breadcrumb\"},\"inLanguage\":\"it-IT\",\"potentialAction\":[{\"@type\":\"ReadAction\",\"target\":[\"https:\/\/old.pugliaparadise.com\/it\/come-prenotare\/\"]}]},{\"@type\":\"BreadcrumbList\",\"@id\":\"https:\/\/old.pugliaparadise.com\/it\/come-prenotare\/#breadcrumb\",\"itemListElement\":[{\"@type\":\"ListItem\",\"position\":1,\"name\":\"Home\",\"item\":\"https:\/\/old.pugliaparadise.com\/it\/\"},{\"@type\":\"ListItem\",\"position\":2,\"name\":\"Come prenotare\"}]},{\"@type\":\"WebSite\",\"@id\":\"https:\/\/old.pugliaparadise.com\/it\/#website\",\"url\":\"https:\/\/old.pugliaparadise.com\/it\/\",\"name\":\"Puglia Paradise\",\"description\":\"Villa life in Italy at its best\",\"publisher\":{\"@id\":\"https:\/\/old.pugliaparadise.com\/it\/#organization\"},\"potentialAction\":[{\"@type\":\"SearchAction\",\"target\":{\"@type\":\"EntryPoint\",\"urlTemplate\":\"https:\/\/old.pugliaparadise.com\/it\/?s={search_term_string}\"},\"query-input\":\"required name=search_term_string\"}],\"inLanguage\":\"it-IT\"},{\"@type\":\"Organization\",\"@id\":\"https:\/\/old.pugliaparadise.com\/it\/#organization\",\"name\":\"Puglia Paradise\",\"url\":\"https:\/\/old.pugliaparadise.com\/it\/\",\"logo\":{\"@type\":\"ImageObject\",\"inLanguage\":\"it-IT\",\"@id\":\"https:\/\/old.pugliaparadise.com\/it\/#\/schema\/logo\/image\/\",\"url\":\"https:\/\/old.pugliaparadise.com\/wp-content\/uploads\/2019\/09\/Logo-Puglia-Paradise-02.png\",\"contentUrl\":\"https:\/\/old.pugliaparadise.com\/wp-content\/uploads\/2019\/09\/Logo-Puglia-Paradise-02.png\",\"width\":1920,\"height\":311,\"caption\":\"Puglia Paradise\"},\"image\":{\"@id\":\"https:\/\/old.pugliaparadise.com\/it\/#\/schema\/logo\/image\/\"}}]}<\/script>\n<!-- \/ Yoast SEO plugin. -->","yoast_head_json":{"title":"Come prenotare - Puglia Paradise","robots":{"index":"noindex","follow":"follow","max-snippet":"max-snippet:-1","max-image-preview":"max-image-preview:large","max-video-preview":"max-video-preview:-1"},"og_locale":"it_IT","og_type":"article","og_title":"Come prenotare - Puglia Paradise","og_description":"[vc_row][vc_column][vc_column_text]Prenotare la tua villa con Puglia Paradise \u00e8 molto semplice. \u00c8 possibile prenotare sia on-line che off-line. &nbsp; ONLINE Visita book.pugliaparadise.com. Seleziona le date di arrivo e partenza ed il numero di ospiti. Quindi fare clic su &#8220;Cerca&#8221;. Automaticamente restituir\u00e0 l&#8217;elenco delle ville disponibili con i loro prezzi totali. &nbsp; Quindi, visita la pagina della [&hellip;]","og_url":"https:\/\/old.pugliaparadise.com\/it\/come-prenotare\/","og_site_name":"Puglia Paradise","article_modified_time":"2022-12-13T15:09:20+00:00","twitter_card":"summary_large_image","twitter_misc":{"Tempo di lettura stimato":"2 minuti"},"schema":{"@context":"https:\/\/schema.org","@graph":[{"@type":"WebPage","@id":"https:\/\/old.pugliaparadise.com\/it\/come-prenotare\/","url":"https:\/\/old.pugliaparadise.com\/it\/come-prenotare\/","name":"Come prenotare - Puglia Paradise","isPartOf":{"@id":"https:\/\/old.pugliaparadise.com\/it\/#website"},"datePublished":"2020-03-16T15:35:32+00:00","dateModified":"2022-12-13T15:09:20+00:00","breadcrumb":{"@id":"https:\/\/old.pugliaparadise.com\/it\/come-prenotare\/#breadcrumb"},"inLanguage":"it-IT","potentialAction":[{"@type":"ReadAction","target":["https:\/\/old.pugliaparadise.com\/it\/come-prenotare\/"]}]},{"@type":"BreadcrumbList","@id":"https:\/\/old.pugliaparadise.com\/it\/come-prenotare\/#breadcrumb","itemListElement":[{"@type":"ListItem","position":1,"name":"Home","item":"https:\/\/old.pugliaparadise.com\/it\/"},{"@type":"ListItem","position":2,"name":"Come prenotare"}]},{"@type":"WebSite","@id":"https:\/\/old.pugliaparadise.com\/it\/#website","url":"https:\/\/old.pugliaparadise.com\/it\/","name":"Puglia Paradise","description":"Villa life in Italy at its best","publisher":{"@id":"https:\/\/old.pugliaparadise.com\/it\/#organization"},"potentialAction":[{"@type":"SearchAction","target":{"@type":"EntryPoint","urlTemplate":"https:\/\/old.pugliaparadise.com\/it\/?s={search_term_string}"},"query-input":"required name=search_term_string"}],"inLanguage":"it-IT"},{"@type":"Organization","@id":"https:\/\/old.pugliaparadise.com\/it\/#organization","name":"Puglia Paradise","url":"https:\/\/old.pugliaparadise.com\/it\/","logo":{"@type":"ImageObject","inLanguage":"it-IT","@id":"https:\/\/old.pugliaparadise.com\/it\/#\/schema\/logo\/image\/","url":"https:\/\/old.pugliaparadise.com\/wp-content\/uploads\/2019\/09\/Logo-Puglia-Paradise-02.png","contentUrl":"https:\/\/old.pugliaparadise.com\/wp-content\/uploads\/2019\/09\/Logo-Puglia-Paradise-02.png","width":1920,"height":311,"caption":"Puglia Paradise"},"image":{"@id":"https:\/\/old.pugliaparadise.com\/it\/#\/schema\/logo\/image\/"}}]}},"_links":{"self":[{"href":"https:\/\/old.pugliaparadise.com\/it\/wp-json\/wp\/v2\/pages\/1987"}],"collection":[{"href":"https:\/\/old.pugliaparadise.com\/it\/wp-json\/wp\/v2\/pages"}],"about":[{"href":"https:\/\/old.pugliaparadise.com\/it\/wp-json\/wp\/v2\/types\/page"}],"author":[{"embeddable":true,"href":"https:\/\/old.pugliaparadise.com\/it\/wp-json\/wp\/v2\/users\/5"}],"replies":[{"embeddable":true,"href":"https:\/\/old.pugliaparadise.com\/it\/wp-json\/wp\/v2\/comments?post=1987"}],"version-history":[{"count":1,"href":"https:\/\/old.pugliaparadise.com\/it\/wp-json\/wp\/v2\/pages\/1987\/revisions"}],"predecessor-version":[{"id":6490,"href":"https:\/\/old.pugliaparadise.com\/it\/wp-json\/wp\/v2\/pages\/1987\/revisions\/6490"}],"wp:attachment":[{"href":"https:\/\/old.pugliaparadise.com\/it\/wp-json\/wp\/v2\/media?parent=1987"}],"curies":[{"name":"wp","href":"https:\/\/api.w.org\/{rel}","templated":true}]}}